{"id":15829,"date":"2025-02-20T13:20:09","date_gmt":"2025-02-20T12:20:09","guid":{"rendered":"https:\/\/mdbouwmachines.be\/product\/mp8-90-polski\/"},"modified":"2025-03-06T11:31:05","modified_gmt":"2025-03-06T10:31:05","slug":"mp8-90-polski","status":"publish","type":"product","link":"https:\/\/mdbouwmachines.be\/pl\/produkt\/mp8-90-polski\/","title":{"rendered":"MP8-90 POLSKI"},"content":{"rendered":"","protected":false},"excerpt":{"rendered":"<p>Przerobiony podw\u00f3jny 90 z Barikell. Wyposa\u017cony w specjalne krzy\u017ce, kt\u00f3re wytrzymuj\u0105 du\u017cy op\u00f3r + pi\u0119kne p\u0142ytki wyko\u0144czeniowe do rozpryskiwania wody i piany. Posiada 4 pady na krzy\u017c, gdzie mo\u017cna umie\u015bci\u0107 4 bloki diamentowe o szeroko\u015bci 8 cm na pad. Ze wzgl\u0119du na du\u017c\u0105 wag\u0119 mo\u017cna \u0142atwo wyczy\u015bci\u0107\/przeszlifowa\u0107\/odnowi\u0107 pod\u0142og\u0119. Istnieje mo\u017cliwo\u015b\u0107 zam\u00f3wienia dodatkowych blok\u00f3w obci\u0105\u017cnikowych dla jeszcze szybszej pracy!    <\/p>\n","protected":false},"featured_media":15808,"template":"","meta":{"_acf_changed":false},"product_brand":[],"product_cat":[857],"product_tag":[],"class_list":{"0":"post-15829","1":"product","2":"type-product","3":"status-publish","4":"has-post-thumbnail","6":"product_cat-maszyny-do-polerowania","8":"first","9":"instock","10":"taxable","11":"shipping-taxable","12":"purchasable","13":"product-type-variable","14":"has-default-attributes"},"acf":[],"_links":{"self":[{"href":"https:\/\/mdbouwmachines.be\/pl\/wp-json\/wp\/v2\/product\/15829","targetHints":{"allow":["GET"]}}],"collection":[{"href":"https:\/\/mdbouwmachines.be\/pl\/wp-json\/wp\/v2\/product"}],"about":[{"href":"https:\/\/mdbouwmachines.be\/pl\/wp-json\/wp\/v2\/types\/product"}],"wp:featuredmedia":[{"embeddable":true,"href":"https:\/\/mdbouwmachines.be\/pl\/wp-json\/wp\/v2\/media\/15808"}],"wp:attachment":[{"href":"https:\/\/mdbouwmachines.be\/pl\/wp-json\/wp\/v2\/media?parent=15829"}],"wp:term":[{"taxonomy":"product_brand","embeddable":true,"href":"https:\/\/mdbouwmachines.be\/pl\/wp-json\/wp\/v2\/product_brand?post=15829"},{"taxonomy":"product_cat","embeddable":true,"href":"https:\/\/mdbouwmachines.be\/pl\/wp-json\/wp\/v2\/product_cat?post=15829"},{"taxonomy":"product_tag","embeddable":true,"href":"https:\/\/mdbouwmachines.be\/pl\/wp-json\/wp\/v2\/product_tag?post=15829"}],"curies":[{"name":"wp","href":"https:\/\/api.w.org\/{rel}","templated":true}]}}