{"id":15608,"date":"2025-01-24T10:53:14","date_gmt":"2025-01-24T09:53:14","guid":{"rendered":"https:\/\/mdbouwmachines.be\/product\/listwa-wibracyjna-qx-listwa\/"},"modified":"2025-06-23T12:34:50","modified_gmt":"2025-06-23T11:34:50","slug":"listwa-wibracyjna-qx-listwa","status":"publish","type":"product","link":"https:\/\/mdbouwmachines.be\/pl\/produkt\/listwa-wibracyjna-qx-listwa\/","title":{"rendered":"Listwa wibracyjna QX + listwa"},"content":{"rendered":"","protected":false},"excerpt":{"rendered":"<p>\u015acis\u0142a kontrola p\u0142asko\u015bci na ka\u017cdym ostrzu. Lekki p\u0142ywak, kt\u00f3ry mo\u017ce by\u0107 obs\u0142ugiwany przez jedn\u0105 osob\u0119. Specjalny n\u00f3\u017c ze stopu aluminium o wysokiej wytrzyma\u0142o\u015bci. Po\u0142\u0105czenie lekko\u015bci i wytrzyma\u0142o\u015bci. D\u0142ugo\u015b\u0107 od 1,5 do 2,5 metra.    <\/p>\n","protected":false},"featured_media":9105,"template":"","meta":{"_acf_changed":false},"product_brand":[1140],"product_cat":[811],"product_tag":[],"class_list":{"0":"post-15608","1":"product","2":"type-product","3":"status-publish","4":"has-post-thumbnail","6":"product_brand-enar-pl","7":"product_cat-belki-wibracyjne","8":"product_shipping_class-dodatkowy","10":"first","11":"instock","12":"taxable","13":"shipping-taxable","14":"purchasable","15":"product-type-variable","16":"has-default-attributes"},"acf":[],"_links":{"self":[{"href":"https:\/\/mdbouwmachines.be\/pl\/wp-json\/wp\/v2\/product\/15608","targetHints":{"allow":["GET"]}}],"collection":[{"href":"https:\/\/mdbouwmachines.be\/pl\/wp-json\/wp\/v2\/product"}],"about":[{"href":"https:\/\/mdbouwmachines.be\/pl\/wp-json\/wp\/v2\/types\/product"}],"wp:featuredmedia":[{"embeddable":true,"href":"https:\/\/mdbouwmachines.be\/pl\/wp-json\/wp\/v2\/media\/9105"}],"wp:attachment":[{"href":"https:\/\/mdbouwmachines.be\/pl\/wp-json\/wp\/v2\/media?parent=15608"}],"wp:term":[{"taxonomy":"product_brand","embeddable":true,"href":"https:\/\/mdbouwmachines.be\/pl\/wp-json\/wp\/v2\/product_brand?post=15608"},{"taxonomy":"product_cat","embeddable":true,"href":"https:\/\/mdbouwmachines.be\/pl\/wp-json\/wp\/v2\/product_cat?post=15608"},{"taxonomy":"product_tag","embeddable":true,"href":"https:\/\/mdbouwmachines.be\/pl\/wp-json\/wp\/v2\/product_tag?post=15608"}],"curies":[{"name":"wp","href":"https:\/\/api.w.org\/{rel}","templated":true}]}}