{"id":15598,"date":"2025-01-24T09:53:17","date_gmt":"2025-01-24T09:53:17","guid":{"rendered":"https:\/\/mdbouwmachines.be\/product\/jednostka-uderzeniowa-vibra\/"},"modified":"2025-01-24T09:53:17","modified_gmt":"2025-01-24T08:53:17","slug":"jednostka-uderzeniowa-vibra","status":"publish","type":"product","link":"https:\/\/mdbouwmachines.be\/pl\/produkt\/jednostka-uderzeniowa-vibra\/","title":{"rendered":"Jednostka uderzeniowa Vibra"},"content":{"rendered":"","protected":false},"excerpt":{"rendered":"<p>Jednostka Hondy gx35 (1,5 KM), silnik 4-suwowy. Sk\u0142ada si\u0119 ze wzmocnionego magnezu (niezwykle mocnego), kt\u00f3ry z \u0142atwo\u015bci\u0105 wytrzymuje ci\u0105g\u0142e wibracje. D\u0142ugo\u015b\u0107 p\u0142ywaka (listwy) mo\u017cliwa od 6FT (1,8 m) do 10FT (3 m)  <\/p>\n","protected":false},"featured_media":9109,"template":"","meta":{"_acf_changed":false},"product_brand":[1149],"product_cat":[811],"product_tag":[],"class_list":{"0":"post-15598","1":"product","2":"type-product","3":"status-publish","4":"has-post-thumbnail","6":"product_brand-vibra-strike-pl","7":"product_cat-belki-wibracyjne","9":"first","10":"instock","11":"taxable","12":"shipping-taxable","13":"purchasable","14":"product-type-variable","15":"has-default-attributes"},"acf":[],"_links":{"self":[{"href":"https:\/\/mdbouwmachines.be\/pl\/wp-json\/wp\/v2\/product\/15598","targetHints":{"allow":["GET"]}}],"collection":[{"href":"https:\/\/mdbouwmachines.be\/pl\/wp-json\/wp\/v2\/product"}],"about":[{"href":"https:\/\/mdbouwmachines.be\/pl\/wp-json\/wp\/v2\/types\/product"}],"wp:featuredmedia":[{"embeddable":true,"href":"https:\/\/mdbouwmachines.be\/pl\/wp-json\/wp\/v2\/media\/9109"}],"wp:attachment":[{"href":"https:\/\/mdbouwmachines.be\/pl\/wp-json\/wp\/v2\/media?parent=15598"}],"wp:term":[{"taxonomy":"product_brand","embeddable":true,"href":"https:\/\/mdbouwmachines.be\/pl\/wp-json\/wp\/v2\/product_brand?post=15598"},{"taxonomy":"product_cat","embeddable":true,"href":"https:\/\/mdbouwmachines.be\/pl\/wp-json\/wp\/v2\/product_cat?post=15598"},{"taxonomy":"product_tag","embeddable":true,"href":"https:\/\/mdbouwmachines.be\/pl\/wp-json\/wp\/v2\/product_tag?post=15598"}],"curies":[{"name":"wp","href":"https:\/\/api.w.org\/{rel}","templated":true}]}}