{"id":15577,"date":"2025-01-24T09:53:14","date_gmt":"2025-01-24T09:53:14","guid":{"rendered":"https:\/\/mdbouwmachines.be\/product\/plywak-2m-bm71h-4-suwowy-honda\/"},"modified":"2025-06-23T12:28:46","modified_gmt":"2025-06-23T11:28:46","slug":"plywak-2m-bm71h-4-suwowy-honda","status":"publish","type":"product","link":"https:\/\/mdbouwmachines.be\/pl\/produkt\/plywak-2m-bm71h-4-suwowy-honda\/","title":{"rendered":"P\u0142ywak 2m BM71H 4-suwowy Honda"},"content":{"rendered":"","protected":false},"excerpt":{"rendered":"<p>Maszyna do wyka\u0144czania pod\u0142\u00f3g do zag\u0119szczania i wyg\u0142adzania ma\u0142ych i du\u017cych powierzchni. BM-71 mo\u017cna zam\u00f3wi\u0107 od 0,9 m do 3 metr\u00f3w i jest wyposa\u017cony w 4-suwowy silnik Hondy o pojemno\u015bci 25 cm4. <\/p>\n","protected":false},"featured_media":18701,"template":"","meta":{"_acf_changed":false},"product_brand":[1143],"product_cat":[811],"product_tag":[],"class_list":{"0":"post-15577","1":"product","2":"type-product","3":"status-publish","4":"has-post-thumbnail","6":"product_brand-bmac-pl","7":"product_cat-belki-wibracyjne","8":"product_shipping_class-dodatkowy","10":"first","11":"instock","12":"taxable","13":"shipping-taxable","14":"purchasable","15":"product-type-variable","16":"has-default-attributes"},"acf":[],"_links":{"self":[{"href":"https:\/\/mdbouwmachines.be\/pl\/wp-json\/wp\/v2\/product\/15577","targetHints":{"allow":["GET"]}}],"collection":[{"href":"https:\/\/mdbouwmachines.be\/pl\/wp-json\/wp\/v2\/product"}],"about":[{"href":"https:\/\/mdbouwmachines.be\/pl\/wp-json\/wp\/v2\/types\/product"}],"wp:featuredmedia":[{"embeddable":true,"href":"https:\/\/mdbouwmachines.be\/pl\/wp-json\/wp\/v2\/media\/18701"}],"wp:attachment":[{"href":"https:\/\/mdbouwmachines.be\/pl\/wp-json\/wp\/v2\/media?parent=15577"}],"wp:term":[{"taxonomy":"product_brand","embeddable":true,"href":"https:\/\/mdbouwmachines.be\/pl\/wp-json\/wp\/v2\/product_brand?post=15577"},{"taxonomy":"product_cat","embeddable":true,"href":"https:\/\/mdbouwmachines.be\/pl\/wp-json\/wp\/v2\/product_cat?post=15577"},{"taxonomy":"product_tag","embeddable":true,"href":"https:\/\/mdbouwmachines.be\/pl\/wp-json\/wp\/v2\/product_tag?post=15577"}],"curies":[{"name":"wp","href":"https:\/\/api.w.org\/{rel}","templated":true}]}}