{"id":15572,"date":"2025-01-24T09:53:13","date_gmt":"2025-01-24T08:53:13","guid":{"rendered":"https:\/\/mdbouwmachines.be\/product\/formoil-25-l-olej-antyadhezyjny\/"},"modified":"2025-01-24T09:53:13","modified_gmt":"2025-01-24T08:53:13","slug":"formoil-25-l-olej-antyadhezyjny","status":"publish","type":"product","link":"https:\/\/mdbouwmachines.be\/pl\/produkt\/formoil-25-l-olej-antyadhezyjny\/","title":{"rendered":"Formoil 25 l olej antyadhezyjny"},"content":{"rendered":"","protected":false},"excerpt":{"rendered":"<p>Idealny produkt do utrzymania maszyn w czysto\u015bci. Przed u\u017cyciem spryskaj mg\u0142\u0105, a nie przyklei si\u0119 w ten spos\u00f3b do maszyny. Mo\u017ce by\u0107 r\u00f3wnie\u017c stosowany do szalunk\u00f3w \u015bciennych lub innych cel\u00f3w.  <\/p>\n","protected":false},"featured_media":9561,"template":"","meta":{"_acf_changed":false},"product_brand":[1131],"product_cat":[525],"product_tag":[],"class_list":{"0":"post-15572","1":"product","2":"type-product","3":"status-publish","4":"has-post-thumbnail","6":"product_brand-md-bouwmachines-pl","7":"product_cat-materialy-eksploatacyjne","9":"first","10":"instock","11":"taxable","12":"shipping-taxable","13":"purchasable","14":"product-type-simple"},"acf":[],"_links":{"self":[{"href":"https:\/\/mdbouwmachines.be\/pl\/wp-json\/wp\/v2\/product\/15572","targetHints":{"allow":["GET"]}}],"collection":[{"href":"https:\/\/mdbouwmachines.be\/pl\/wp-json\/wp\/v2\/product"}],"about":[{"href":"https:\/\/mdbouwmachines.be\/pl\/wp-json\/wp\/v2\/types\/product"}],"wp:featuredmedia":[{"embeddable":true,"href":"https:\/\/mdbouwmachines.be\/pl\/wp-json\/wp\/v2\/media\/9561"}],"wp:attachment":[{"href":"https:\/\/mdbouwmachines.be\/pl\/wp-json\/wp\/v2\/media?parent=15572"}],"wp:term":[{"taxonomy":"product_brand","embeddable":true,"href":"https:\/\/mdbouwmachines.be\/pl\/wp-json\/wp\/v2\/product_brand?post=15572"},{"taxonomy":"product_cat","embeddable":true,"href":"https:\/\/mdbouwmachines.be\/pl\/wp-json\/wp\/v2\/product_cat?post=15572"},{"taxonomy":"product_tag","embeddable":true,"href":"https:\/\/mdbouwmachines.be\/pl\/wp-json\/wp\/v2\/product_tag?post=15572"}],"curies":[{"name":"wp","href":"https:\/\/api.w.org\/{rel}","templated":true}]}}