{"id":15560,"date":"2025-01-24T09:53:13","date_gmt":"2025-01-24T08:53:13","guid":{"rendered":"https:\/\/mdbouwmachines.be\/product\/acs-forte-5-l\/"},"modified":"2025-06-23T12:28:45","modified_gmt":"2025-06-23T11:28:45","slug":"acs-forte-5-l","status":"publish","type":"product","link":"https:\/\/mdbouwmachines.be\/pl\/produkt\/acs-forte-5-l\/","title":{"rendered":"ACS Forte 5 l"},"content":{"rendered":"","protected":false},"excerpt":{"rendered":"<p>Produkt do wype\u0142niania por\u00f3w po wyko\u0144czeniu posadzki. W ten spos\u00f3b unikniesz wnikania wody w i p\u00f3\u017aniejszego powodowania p\u0119kni\u0119\u0107 z powodu mrozu. Za pomoc\u0105 kilku warstw mo\u017cna uzyska\u0107 okre\u015blony po\u0142ysk.  <\/p>\n","protected":false},"featured_media":9565,"template":"","meta":{"_acf_changed":false},"product_brand":[1131],"product_cat":[525],"product_tag":[],"class_list":{"0":"post-15560","1":"product","2":"type-product","3":"status-publish","4":"has-post-thumbnail","6":"product_brand-md-bouwmachines-pl","7":"product_cat-materialy-eksploatacyjne","9":"first","10":"instock","11":"taxable","12":"shipping-taxable","13":"purchasable","14":"product-type-simple"},"acf":[],"_links":{"self":[{"href":"https:\/\/mdbouwmachines.be\/pl\/wp-json\/wp\/v2\/product\/15560","targetHints":{"allow":["GET"]}}],"collection":[{"href":"https:\/\/mdbouwmachines.be\/pl\/wp-json\/wp\/v2\/product"}],"about":[{"href":"https:\/\/mdbouwmachines.be\/pl\/wp-json\/wp\/v2\/types\/product"}],"wp:featuredmedia":[{"embeddable":true,"href":"https:\/\/mdbouwmachines.be\/pl\/wp-json\/wp\/v2\/media\/9565"}],"wp:attachment":[{"href":"https:\/\/mdbouwmachines.be\/pl\/wp-json\/wp\/v2\/media?parent=15560"}],"wp:term":[{"taxonomy":"product_brand","embeddable":true,"href":"https:\/\/mdbouwmachines.be\/pl\/wp-json\/wp\/v2\/product_brand?post=15560"},{"taxonomy":"product_cat","embeddable":true,"href":"https:\/\/mdbouwmachines.be\/pl\/wp-json\/wp\/v2\/product_cat?post=15560"},{"taxonomy":"product_tag","embeddable":true,"href":"https:\/\/mdbouwmachines.be\/pl\/wp-json\/wp\/v2\/product_tag?post=15560"}],"curies":[{"name":"wp","href":"https:\/\/api.w.org\/{rel}","templated":true}]}}