{"id":15546,"date":"2025-01-24T09:53:13","date_gmt":"2025-01-24T09:53:13","guid":{"rendered":"https:\/\/mdbouwmachines.be\/product\/wosk-5-litrow\/"},"modified":"2025-01-24T09:53:13","modified_gmt":"2025-01-24T08:53:13","slug":"wosk-5-litrow","status":"publish","type":"product","link":"https:\/\/mdbouwmachines.be\/pl\/produkt\/wosk-5-litrow\/","title":{"rendered":"Wosk 5 litr\u00f3w"},"content":{"rendered":"","protected":false},"excerpt":{"rendered":"<p>Idealny produkt naszej marki domowej do polerowania nowych pod\u0142\u00f3g, ale tak\u017ce do piel\u0119gnacji starszych pod\u0142\u00f3g.<\/p>\n","protected":false},"featured_media":9541,"template":"","meta":{"_acf_changed":false},"product_brand":[1131],"product_cat":[525],"product_tag":[],"class_list":{"0":"post-15546","1":"product","2":"type-product","3":"status-publish","4":"has-post-thumbnail","6":"product_brand-md-bouwmachines-pl","7":"product_cat-materialy-eksploatacyjne","9":"first","10":"instock","11":"taxable","12":"shipping-taxable","13":"purchasable","14":"product-type-variable","15":"has-default-attributes"},"acf":[],"_links":{"self":[{"href":"https:\/\/mdbouwmachines.be\/pl\/wp-json\/wp\/v2\/product\/15546","targetHints":{"allow":["GET"]}}],"collection":[{"href":"https:\/\/mdbouwmachines.be\/pl\/wp-json\/wp\/v2\/product"}],"about":[{"href":"https:\/\/mdbouwmachines.be\/pl\/wp-json\/wp\/v2\/types\/product"}],"wp:featuredmedia":[{"embeddable":true,"href":"https:\/\/mdbouwmachines.be\/pl\/wp-json\/wp\/v2\/media\/9541"}],"wp:attachment":[{"href":"https:\/\/mdbouwmachines.be\/pl\/wp-json\/wp\/v2\/media?parent=15546"}],"wp:term":[{"taxonomy":"product_brand","embeddable":true,"href":"https:\/\/mdbouwmachines.be\/pl\/wp-json\/wp\/v2\/product_brand?post=15546"},{"taxonomy":"product_cat","embeddable":true,"href":"https:\/\/mdbouwmachines.be\/pl\/wp-json\/wp\/v2\/product_cat?post=15546"},{"taxonomy":"product_tag","embeddable":true,"href":"https:\/\/mdbouwmachines.be\/pl\/wp-json\/wp\/v2\/product_tag?post=15546"}],"curies":[{"name":"wp","href":"https:\/\/api.w.org\/{rel}","templated":true}]}}