{"id":15433,"date":"2025-01-24T09:55:06","date_gmt":"2025-01-24T08:55:06","guid":{"rendered":"https:\/\/mdbouwmachines.be\/product\/skrobak-do-betonu-o-duzej-wytrzymalosci\/"},"modified":"2025-01-24T09:55:06","modified_gmt":"2025-01-24T08:55:06","slug":"skrobak-do-betonu-o-duzej-wytrzymalosci","status":"publish","type":"product","link":"https:\/\/mdbouwmachines.be\/pl\/produkt\/skrobak-do-betonu-o-duzej-wytrzymalosci\/","title":{"rendered":"Skrobak do betonu o du\u017cej wytrzyma\u0142o\u015bci"},"content":{"rendered":"","protected":false},"excerpt":{"rendered":"<p>#9027 Skrobak do du\u017cych obci\u0105\u017ce\u0144 350mm x 113mm*1480mm<\/p>\n","protected":false},"featured_media":9393,"template":"","meta":{"_acf_changed":false},"product_brand":[1131],"product_cat":[497],"product_tag":[],"class_list":{"0":"post-15433","1":"product","2":"type-product","3":"status-publish","4":"has-post-thumbnail","6":"product_brand-md-bouwmachines-pl","7":"product_cat-narzedzia-reczne-i-narzedzia","9":"first","10":"instock","11":"taxable","12":"shipping-taxable","13":"purchasable","14":"product-type-simple"},"acf":[],"_links":{"self":[{"href":"https:\/\/mdbouwmachines.be\/pl\/wp-json\/wp\/v2\/product\/15433","targetHints":{"allow":["GET"]}}],"collection":[{"href":"https:\/\/mdbouwmachines.be\/pl\/wp-json\/wp\/v2\/product"}],"about":[{"href":"https:\/\/mdbouwmachines.be\/pl\/wp-json\/wp\/v2\/types\/product"}],"wp:featuredmedia":[{"embeddable":true,"href":"https:\/\/mdbouwmachines.be\/pl\/wp-json\/wp\/v2\/media\/9393"}],"wp:attachment":[{"href":"https:\/\/mdbouwmachines.be\/pl\/wp-json\/wp\/v2\/media?parent=15433"}],"wp:term":[{"taxonomy":"product_brand","embeddable":true,"href":"https:\/\/mdbouwmachines.be\/pl\/wp-json\/wp\/v2\/product_brand?post=15433"},{"taxonomy":"product_cat","embeddable":true,"href":"https:\/\/mdbouwmachines.be\/pl\/wp-json\/wp\/v2\/product_cat?post=15433"},{"taxonomy":"product_tag","embeddable":true,"href":"https:\/\/mdbouwmachines.be\/pl\/wp-json\/wp\/v2\/product_tag?post=15433"}],"curies":[{"name":"wp","href":"https:\/\/api.w.org\/{rel}","templated":true}]}}