{"id":15421,"date":"2025-01-24T09:55:02","date_gmt":"2025-01-24T08:55:02","guid":{"rendered":"https:\/\/mdbouwmachines.be\/product\/obrzynarka\/"},"modified":"2025-01-24T09:55:02","modified_gmt":"2025-01-24T08:55:02","slug":"obrzynarka","status":"publish","type":"product","link":"https:\/\/mdbouwmachines.be\/pl\/produkt\/obrzynarka\/","title":{"rendered":"Obrzynarka"},"content":{"rendered":"","protected":false},"excerpt":{"rendered":"<p><span>#8301 Niebieska stalowa obrzynarka r\u0119czna do betonu: 152mmX76mmX R-angle 3.18mm x 10mm (d\u0142ugo\u015b\u0107 kraw\u0119dzi)<\/span><\/p>\n","protected":false},"featured_media":9385,"template":"","meta":{"_acf_changed":false},"product_brand":[1131],"product_cat":[497],"product_tag":[],"class_list":{"0":"post-15421","1":"product","2":"type-product","3":"status-publish","4":"has-post-thumbnail","6":"product_brand-md-bouwmachines-pl","7":"product_cat-narzedzia-reczne-i-narzedzia","9":"first","10":"outofstock","11":"taxable","12":"shipping-taxable","13":"product-type-simple"},"acf":[],"_links":{"self":[{"href":"https:\/\/mdbouwmachines.be\/pl\/wp-json\/wp\/v2\/product\/15421","targetHints":{"allow":["GET"]}}],"collection":[{"href":"https:\/\/mdbouwmachines.be\/pl\/wp-json\/wp\/v2\/product"}],"about":[{"href":"https:\/\/mdbouwmachines.be\/pl\/wp-json\/wp\/v2\/types\/product"}],"wp:featuredmedia":[{"embeddable":true,"href":"https:\/\/mdbouwmachines.be\/pl\/wp-json\/wp\/v2\/media\/9385"}],"wp:attachment":[{"href":"https:\/\/mdbouwmachines.be\/pl\/wp-json\/wp\/v2\/media?parent=15421"}],"wp:term":[{"taxonomy":"product_brand","embeddable":true,"href":"https:\/\/mdbouwmachines.be\/pl\/wp-json\/wp\/v2\/product_brand?post=15421"},{"taxonomy":"product_cat","embeddable":true,"href":"https:\/\/mdbouwmachines.be\/pl\/wp-json\/wp\/v2\/product_cat?post=15421"},{"taxonomy":"product_tag","embeddable":true,"href":"https:\/\/mdbouwmachines.be\/pl\/wp-json\/wp\/v2\/product_tag?post=15421"}],"curies":[{"name":"wp","href":"https:\/\/api.w.org\/{rel}","templated":true}]}}