{"id":15415,"date":"2025-01-24T09:54:58","date_gmt":"2025-01-24T08:54:58","guid":{"rendered":"https:\/\/mdbouwmachines.be\/product\/handicap-ramp-byk-plywak\/"},"modified":"2025-01-24T09:54:58","modified_gmt":"2025-01-24T08:54:58","slug":"handicap-ramp-byk-plywak","status":"publish","type":"product","link":"https:\/\/mdbouwmachines.be\/pl\/produkt\/handicap-ramp-byk-plywak\/","title":{"rendered":"Handicap Ramp byk p\u0142ywak"},"content":{"rendered":"","protected":false},"excerpt":{"rendered":"<p>#8661 Zestaw p\u0142ywak\u00f3w dla byk\u00f3w z handicapramp\u0105  <\/p>\n<p>W zestawie 1 sztuka aluminiowego ostrza, rozmiar 1067 mm <em> 203 mm, rozstaw z\u0119b\u00f3w 100 mm, 1 szt <\/em> <\/p>\n<p><em>#8805 Uniwersalny wspornik gwintowany,  <\/em><\/p>\n<p><em>3szt Gwintowane aluminiowe uchwyty (dia45mm<\/em>L1830mm \/ szt)<\/p>\n","protected":false},"featured_media":9369,"template":"","meta":{"_acf_changed":false},"product_brand":[1131],"product_cat":[497],"product_tag":[],"class_list":{"0":"post-15415","1":"product","2":"type-product","3":"status-publish","4":"has-post-thumbnail","6":"product_brand-md-bouwmachines-pl","7":"product_cat-narzedzia-reczne-i-narzedzia","9":"first","10":"instock","11":"taxable","12":"shipping-taxable","13":"purchasable","14":"product-type-simple"},"acf":[],"_links":{"self":[{"href":"https:\/\/mdbouwmachines.be\/pl\/wp-json\/wp\/v2\/product\/15415","targetHints":{"allow":["GET"]}}],"collection":[{"href":"https:\/\/mdbouwmachines.be\/pl\/wp-json\/wp\/v2\/product"}],"about":[{"href":"https:\/\/mdbouwmachines.be\/pl\/wp-json\/wp\/v2\/types\/product"}],"wp:featuredmedia":[{"embeddable":true,"href":"https:\/\/mdbouwmachines.be\/pl\/wp-json\/wp\/v2\/media\/9369"}],"wp:attachment":[{"href":"https:\/\/mdbouwmachines.be\/pl\/wp-json\/wp\/v2\/media?parent=15415"}],"wp:term":[{"taxonomy":"product_brand","embeddable":true,"href":"https:\/\/mdbouwmachines.be\/pl\/wp-json\/wp\/v2\/product_brand?post=15415"},{"taxonomy":"product_cat","embeddable":true,"href":"https:\/\/mdbouwmachines.be\/pl\/wp-json\/wp\/v2\/product_cat?post=15415"},{"taxonomy":"product_tag","embeddable":true,"href":"https:\/\/mdbouwmachines.be\/pl\/wp-json\/wp\/v2\/product_tag?post=15415"}],"curies":[{"name":"wp","href":"https:\/\/api.w.org\/{rel}","templated":true}]}}