{"id":15411,"date":"2025-01-24T09:55:01","date_gmt":"2025-01-24T08:55:01","guid":{"rendered":"https:\/\/mdbouwmachines.be\/product\/kroczacy-groover-ze-stali-nierdzewnej\/"},"modified":"2025-01-24T09:55:01","modified_gmt":"2025-01-24T08:55:01","slug":"kroczacy-groover-ze-stali-nierdzewnej","status":"publish","type":"product","link":"https:\/\/mdbouwmachines.be\/pl\/produkt\/kroczacy-groover-ze-stali-nierdzewnej\/","title":{"rendered":"Krocz\u0105cy Groover ze stali nierdzewnej"},"content":{"rendered":"","protected":false},"excerpt":{"rendered":"<p>#8209 Rowek bie\u017cny ze stali nierdzewnej: 180 mm x 110 mm x 25 mm (wysoko\u015b\u0107 kraw\u0119dzi) z uchwytem 2 szt.: 1830 mm x \u03a6 35 mm<\/p>\n","protected":false},"featured_media":9377,"template":"","meta":{"_acf_changed":false},"product_brand":[1131],"product_cat":[497],"product_tag":[],"class_list":{"0":"post-15411","1":"product","2":"type-product","3":"status-publish","4":"has-post-thumbnail","6":"product_brand-md-bouwmachines-pl","7":"product_cat-narzedzia-reczne-i-narzedzia","9":"first","10":"instock","11":"taxable","12":"shipping-taxable","13":"purchasable","14":"product-type-simple"},"acf":[],"_links":{"self":[{"href":"https:\/\/mdbouwmachines.be\/pl\/wp-json\/wp\/v2\/product\/15411","targetHints":{"allow":["GET"]}}],"collection":[{"href":"https:\/\/mdbouwmachines.be\/pl\/wp-json\/wp\/v2\/product"}],"about":[{"href":"https:\/\/mdbouwmachines.be\/pl\/wp-json\/wp\/v2\/types\/product"}],"wp:featuredmedia":[{"embeddable":true,"href":"https:\/\/mdbouwmachines.be\/pl\/wp-json\/wp\/v2\/media\/9377"}],"wp:attachment":[{"href":"https:\/\/mdbouwmachines.be\/pl\/wp-json\/wp\/v2\/media?parent=15411"}],"wp:term":[{"taxonomy":"product_brand","embeddable":true,"href":"https:\/\/mdbouwmachines.be\/pl\/wp-json\/wp\/v2\/product_brand?post=15411"},{"taxonomy":"product_cat","embeddable":true,"href":"https:\/\/mdbouwmachines.be\/pl\/wp-json\/wp\/v2\/product_cat?post=15411"},{"taxonomy":"product_tag","embeddable":true,"href":"https:\/\/mdbouwmachines.be\/pl\/wp-json\/wp\/v2\/product_tag?post=15411"}],"curies":[{"name":"wp","href":"https:\/\/api.w.org\/{rel}","templated":true}]}}