{"id":15397,"date":"2025-01-24T10:54:58","date_gmt":"2025-01-24T09:54:58","guid":{"rendered":"https:\/\/mdbouwmachines.be\/product\/ostrze-z-kleju-magnezowego-o-prostych-krawedziach\/"},"modified":"2025-03-18T15:50:59","modified_gmt":"2025-03-18T14:50:59","slug":"ostrze-z-kleju-magnezowego-o-prostych-krawedziach","status":"publish","type":"product","link":"https:\/\/mdbouwmachines.be\/pl\/produkt\/ostrze-z-kleju-magnezowego-o-prostych-krawedziach\/","title":{"rendered":"Ostrze z kleju magnezowego o prostych kraw\u0119dziach"},"content":{"rendered":"","protected":false},"excerpt":{"rendered":"<p>#8502 Ostrze z kleju magnezowego z kwadratowym ko\u0144cem: 305 mm x 79.40 mm<\/p>\n<p>#8504 N\u00f3\u017c do plastr\u00f3w magnezu z kwadratowym ko\u0144cem: 457 mm x 79.40 mm<\/p>\n<p>#8517 Ostrze z kleju magnezowego z kwadratowym ko\u0144cem: 610 mm x 79.40 mm<\/p>\n","protected":false},"featured_media":9429,"template":"","meta":{"_acf_changed":false},"product_brand":[1131],"product_cat":[497],"product_tag":[],"class_list":{"0":"post-15397","1":"product","2":"type-product","3":"status-publish","4":"has-post-thumbnail","6":"product_brand-md-bouwmachines-pl","7":"product_cat-narzedzia-reczne-i-narzedzia","9":"first","10":"instock","11":"taxable","12":"shipping-taxable","13":"purchasable","14":"product-type-variable","15":"has-default-attributes"},"acf":[],"_links":{"self":[{"href":"https:\/\/mdbouwmachines.be\/pl\/wp-json\/wp\/v2\/product\/15397","targetHints":{"allow":["GET"]}}],"collection":[{"href":"https:\/\/mdbouwmachines.be\/pl\/wp-json\/wp\/v2\/product"}],"about":[{"href":"https:\/\/mdbouwmachines.be\/pl\/wp-json\/wp\/v2\/types\/product"}],"wp:featuredmedia":[{"embeddable":true,"href":"https:\/\/mdbouwmachines.be\/pl\/wp-json\/wp\/v2\/media\/9429"}],"wp:attachment":[{"href":"https:\/\/mdbouwmachines.be\/pl\/wp-json\/wp\/v2\/media?parent=15397"}],"wp:term":[{"taxonomy":"product_brand","embeddable":true,"href":"https:\/\/mdbouwmachines.be\/pl\/wp-json\/wp\/v2\/product_brand?post=15397"},{"taxonomy":"product_cat","embeddable":true,"href":"https:\/\/mdbouwmachines.be\/pl\/wp-json\/wp\/v2\/product_cat?post=15397"},{"taxonomy":"product_tag","embeddable":true,"href":"https:\/\/mdbouwmachines.be\/pl\/wp-json\/wp\/v2\/product_tag?post=15397"}],"curies":[{"name":"wp","href":"https:\/\/api.w.org\/{rel}","templated":true}]}}