{"id":15385,"date":"2025-01-24T09:54:58","date_gmt":"2025-01-24T09:54:58","guid":{"rendered":"https:\/\/mdbouwmachines.be\/product\/kielnia-narozna\/"},"modified":"2025-01-24T09:54:58","modified_gmt":"2025-01-24T08:54:58","slug":"kielnia-narozna","status":"publish","type":"product","link":"https:\/\/mdbouwmachines.be\/pl\/produkt\/kielnia-narozna\/","title":{"rendered":"Kielnia naro\u017cna"},"content":{"rendered":"","protected":false},"excerpt":{"rendered":"<p>#8403 Kielnia naro\u017cna ze stali wysokow\u0119glowej 127mm x 64mm R-Angle (naro\u017cnik wewn\u0119trzny)<\/p>\n<p>#8404 Kielnia Naro\u017cna Ze Stali Wysokow\u0119glowej 127mm x 64mm R-Angle (Naro\u017cnik Zewn\u0119trzny)<\/p>\n","protected":false},"featured_media":9373,"template":"","meta":{"_acf_changed":false},"product_brand":[1131],"product_cat":[497],"product_tag":[],"class_list":{"0":"post-15385","1":"product","2":"type-product","3":"status-publish","4":"has-post-thumbnail","6":"product_brand-md-bouwmachines-pl","7":"product_cat-narzedzia-reczne-i-narzedzia","9":"first","10":"instock","11":"taxable","12":"shipping-taxable","13":"purchasable","14":"product-type-variable","15":"has-default-attributes"},"acf":[],"_links":{"self":[{"href":"https:\/\/mdbouwmachines.be\/pl\/wp-json\/wp\/v2\/product\/15385","targetHints":{"allow":["GET"]}}],"collection":[{"href":"https:\/\/mdbouwmachines.be\/pl\/wp-json\/wp\/v2\/product"}],"about":[{"href":"https:\/\/mdbouwmachines.be\/pl\/wp-json\/wp\/v2\/types\/product"}],"wp:featuredmedia":[{"embeddable":true,"href":"https:\/\/mdbouwmachines.be\/pl\/wp-json\/wp\/v2\/media\/9373"}],"wp:attachment":[{"href":"https:\/\/mdbouwmachines.be\/pl\/wp-json\/wp\/v2\/media?parent=15385"}],"wp:term":[{"taxonomy":"product_brand","embeddable":true,"href":"https:\/\/mdbouwmachines.be\/pl\/wp-json\/wp\/v2\/product_brand?post=15385"},{"taxonomy":"product_cat","embeddable":true,"href":"https:\/\/mdbouwmachines.be\/pl\/wp-json\/wp\/v2\/product_cat?post=15385"},{"taxonomy":"product_tag","embeddable":true,"href":"https:\/\/mdbouwmachines.be\/pl\/wp-json\/wp\/v2\/product_tag?post=15385"}],"curies":[{"name":"wp","href":"https:\/\/api.w.org\/{rel}","templated":true}]}}