{"id":15373,"date":"2025-01-24T09:54:57","date_gmt":"2025-01-24T08:54:57","guid":{"rendered":"https:\/\/mdbouwmachines.be\/product\/zestaw-polski\/"},"modified":"2025-01-24T09:54:57","modified_gmt":"2025-01-24T08:54:57","slug":"zestaw-polski","status":"publish","type":"product","link":"https:\/\/mdbouwmachines.be\/pl\/produkt\/zestaw-polski\/","title":{"rendered":"Zestaw POLSKI"},"content":{"rendered":"","protected":false},"excerpt":{"rendered":"<p><span>Od teraz MD Bouwmachines oferuje POLSKI zestaw, kt\u00f3ry pasuje do ka\u017cdej podw\u00f3jnej maszyny!<\/span><\/p>\n<p><span>Barikell \/ BT \/ AB Lindec \/ Conmec \/ B-mac<\/span><\/p>\n<p><span>-Na tych padach mo\u017cna zamontowa\u0107 dowolne pady diamentowe lub tarcze szlifierskie.<\/span><\/p>\n<p><span>-Imponuj\u0105ca wydajno\u015b\u0107 i pr\u0119dko\u015bci szlifowania\/polerowania dla du\u017cych i bardzo du\u017cych powierzchni.<\/span><\/p>\n<p><span>-Bardzo elastyczny system zapewniaj\u0105cy maksymalny kontakt z pod\u0142og\u0105.<\/span><\/p>\n<p><span>-Wyj\u0105tkowo dobra \u017cywotno\u015b\u0107 narz\u0119dzia skutkuj\u0105ca najni\u017cszym kosztem w przeliczeniu na m\u00b2 przy wysokiej jako\u015bci wyko\u0144czeniu.<\/span><\/p>\n<p><span>985 euro bez VAT. do kompletnego zestawu (tarcze diamentowe\/szlifierskie nie s\u0105 do\u0142\u0105czone). <\/span><\/p>\n","protected":false},"featured_media":9501,"template":"","meta":{"_acf_changed":false},"product_brand":[1131],"product_cat":[497],"product_tag":[],"class_list":{"0":"post-15373","1":"product","2":"type-product","3":"status-publish","4":"has-post-thumbnail","6":"product_brand-md-bouwmachines-pl","7":"product_cat-narzedzia-reczne-i-narzedzia","9":"first","10":"instock","11":"taxable","12":"shipping-taxable","13":"purchasable","14":"product-type-simple"},"acf":[],"_links":{"self":[{"href":"https:\/\/mdbouwmachines.be\/pl\/wp-json\/wp\/v2\/product\/15373","targetHints":{"allow":["GET"]}}],"collection":[{"href":"https:\/\/mdbouwmachines.be\/pl\/wp-json\/wp\/v2\/product"}],"about":[{"href":"https:\/\/mdbouwmachines.be\/pl\/wp-json\/wp\/v2\/types\/product"}],"wp:featuredmedia":[{"embeddable":true,"href":"https:\/\/mdbouwmachines.be\/pl\/wp-json\/wp\/v2\/media\/9501"}],"wp:attachment":[{"href":"https:\/\/mdbouwmachines.be\/pl\/wp-json\/wp\/v2\/media?parent=15373"}],"wp:term":[{"taxonomy":"product_brand","embeddable":true,"href":"https:\/\/mdbouwmachines.be\/pl\/wp-json\/wp\/v2\/product_brand?post=15373"},{"taxonomy":"product_cat","embeddable":true,"href":"https:\/\/mdbouwmachines.be\/pl\/wp-json\/wp\/v2\/product_cat?post=15373"},{"taxonomy":"product_tag","embeddable":true,"href":"https:\/\/mdbouwmachines.be\/pl\/wp-json\/wp\/v2\/product_tag?post=15373"}],"curies":[{"name":"wp","href":"https:\/\/api.w.org\/{rel}","templated":true}]}}