{"id":15369,"date":"2025-01-24T09:54:57","date_gmt":"2025-01-24T09:54:57","guid":{"rendered":"https:\/\/mdbouwmachines.be\/product\/tasma-dylatacyjna\/"},"modified":"2025-01-24T09:54:57","modified_gmt":"2025-01-24T08:54:57","slug":"tasma-dylatacyjna","status":"publish","type":"product","link":"https:\/\/mdbouwmachines.be\/pl\/produkt\/tasma-dylatacyjna\/","title":{"rendered":"Ta\u015bma dylatacyjna"},"content":{"rendered":"","protected":false},"excerpt":{"rendered":"<p><span>Pasy \u0142\u0105cz\u0105ce do stylowego wype\u0142niania naci\u0119\u0107 pi\u0142\u0105 w pod\u0142odze i dzi\u0119ki temu, \u017ce nie gromadzi si\u0119 brud. Chroni przed olejami i innymi produktami chemicznymi, wysoce elastyczny materia\u0142, kt\u00f3ry zapewnia doskona\u0142e uszczelnienie. Wszystkie rodzaje kolor\u00f3w w rolkach po 250 metr\u00f3w. Rozmiary od 3,4 mm do 5 mm (standard 4,2 mm). Inne rozmiary\/kolory mo\u017cna zam\u00f3wi\u0107 z wyprzedzeniem.    <\/span><\/p>\n","protected":false},"featured_media":9365,"template":"","meta":{"_acf_changed":false},"product_brand":[1131],"product_cat":[525],"product_tag":[],"class_list":{"0":"post-15369","1":"product","2":"type-product","3":"status-publish","4":"has-post-thumbnail","6":"product_brand-md-bouwmachines-pl","7":"product_cat-materialy-eksploatacyjne","9":"first","10":"instock","11":"taxable","12":"shipping-taxable","13":"purchasable","14":"product-type-variable","15":"has-default-attributes"},"acf":[],"_links":{"self":[{"href":"https:\/\/mdbouwmachines.be\/pl\/wp-json\/wp\/v2\/product\/15369","targetHints":{"allow":["GET"]}}],"collection":[{"href":"https:\/\/mdbouwmachines.be\/pl\/wp-json\/wp\/v2\/product"}],"about":[{"href":"https:\/\/mdbouwmachines.be\/pl\/wp-json\/wp\/v2\/types\/product"}],"wp:featuredmedia":[{"embeddable":true,"href":"https:\/\/mdbouwmachines.be\/pl\/wp-json\/wp\/v2\/media\/9365"}],"wp:attachment":[{"href":"https:\/\/mdbouwmachines.be\/pl\/wp-json\/wp\/v2\/media?parent=15369"}],"wp:term":[{"taxonomy":"product_brand","embeddable":true,"href":"https:\/\/mdbouwmachines.be\/pl\/wp-json\/wp\/v2\/product_brand?post=15369"},{"taxonomy":"product_cat","embeddable":true,"href":"https:\/\/mdbouwmachines.be\/pl\/wp-json\/wp\/v2\/product_cat?post=15369"},{"taxonomy":"product_tag","embeddable":true,"href":"https:\/\/mdbouwmachines.be\/pl\/wp-json\/wp\/v2\/product_tag?post=15369"}],"curies":[{"name":"wp","href":"https:\/\/api.w.org\/{rel}","templated":true}]}}