{"id":15366,"date":"2025-01-24T09:54:55","date_gmt":"2025-01-24T08:54:55","guid":{"rendered":"https:\/\/mdbouwmachines.be\/product\/ten2540gh\/"},"modified":"2025-06-23T12:34:46","modified_gmt":"2025-06-23T11:34:46","slug":"ten2540gh","status":"publish","type":"product","link":"https:\/\/mdbouwmachines.be\/pl\/produkt\/ten2540gh\/","title":{"rendered":"TEN2540GH"},"content":{"rendered":"","protected":false},"excerpt":{"rendered":"<ul>\n<li>\n<p>Odwracalne zag\u0119szczarki p\u0142ytowe.<\/p>\n<\/li>\n<li>\n<p>\u0141atwe i bezpieczne u\u017cytkowanie.<\/p>\n<\/li>\n<li>\n<p>Hydrauliczny system cofania, natychmiastowa zmiana kierunku.<\/p>\n<\/li>\n<li>\n<p>Solidne i niezawodne elementy konstrukcyjne.<\/p>\n<\/li>\n<li>\n<p>Ergonomiczny uchwyt z systemem antywibracyjnym.<\/p>\n<\/li>\n<li>\n<p>Niskie koszty utrzymania.<\/p>\n<\/li>\n<li>\n<p>Przeniesienie do podw\u00f3jnego systemu zasilania strachu za pomoc\u0105 sprz\u0119g\u0142a od\u015brodkowego.<\/p>\n<\/li>\n<li>\n<p>Rama w\u00f3zka, z paskiem kotwicznym, do ochrony silnika.<\/p>\n<\/li>\n<li>\n<p>Optymalna cz\u0119stotliwo\u015b\u0107 i amplituda do zag\u0119szczania.<\/p>\n<\/li>\n<li>\n<p>Opcje:<\/p>\n<\/li>\n<li>\n<p>-Ochrona Vulkollan<\/p>\n<\/li>\n<li>\n<p>-Zestaw k\u00f3\u0142<\/p>\n<\/li>\n<li>\n<p>Wymiary (d\u0142. x szer.): 400 x 1171 mm<\/p>\n<\/li>\n<li>\n<p>Silnik: Honda GX160<\/p>\n<\/li>\n<li>\n<p>Waga: 134kg<\/p>\n<\/li>\n<li>\n<p>Cz\u0119stotliwo\u015b\u0107: 5400 obr.\/min<\/p>\n<\/li>\n<li>\n<p>Si\u0142a od\u015brodkowa: 24,5 kN<\/p>\n<\/li>\n<\/ul>\n","protected":false},"featured_media":9357,"template":"","meta":{"_acf_changed":false},"product_brand":[1140],"product_cat":[819],"product_tag":[],"class_list":{"0":"post-15366","1":"product","2":"type-product","3":"status-publish","4":"has-post-thumbnail","6":"product_brand-enar-pl","7":"product_cat-plyty-wibracyjne","9":"first","10":"instock","11":"taxable","12":"shipping-taxable","13":"purchasable","14":"product-type-simple"},"acf":[],"_links":{"self":[{"href":"https:\/\/mdbouwmachines.be\/pl\/wp-json\/wp\/v2\/product\/15366","targetHints":{"allow":["GET"]}}],"collection":[{"href":"https:\/\/mdbouwmachines.be\/pl\/wp-json\/wp\/v2\/product"}],"about":[{"href":"https:\/\/mdbouwmachines.be\/pl\/wp-json\/wp\/v2\/types\/product"}],"wp:featuredmedia":[{"embeddable":true,"href":"https:\/\/mdbouwmachines.be\/pl\/wp-json\/wp\/v2\/media\/9357"}],"wp:attachment":[{"href":"https:\/\/mdbouwmachines.be\/pl\/wp-json\/wp\/v2\/media?parent=15366"}],"wp:term":[{"taxonomy":"product_brand","embeddable":true,"href":"https:\/\/mdbouwmachines.be\/pl\/wp-json\/wp\/v2\/product_brand?post=15366"},{"taxonomy":"product_cat","embeddable":true,"href":"https:\/\/mdbouwmachines.be\/pl\/wp-json\/wp\/v2\/product_cat?post=15366"},{"taxonomy":"product_tag","embeddable":true,"href":"https:\/\/mdbouwmachines.be\/pl\/wp-json\/wp\/v2\/product_tag?post=15366"}],"curies":[{"name":"wp","href":"https:\/\/api.w.org\/{rel}","templated":true}]}}