{"id":15364,"date":"2025-01-24T09:54:56","date_gmt":"2025-01-24T08:54:56","guid":{"rendered":"https:\/\/mdbouwmachines.be\/product\/opryskiwacz-plecakowy-mm\/"},"modified":"2025-06-23T12:34:46","modified_gmt":"2025-06-23T11:34:46","slug":"opryskiwacz-plecakowy-mm","status":"publish","type":"product","link":"https:\/\/mdbouwmachines.be\/pl\/produkt\/opryskiwacz-plecakowy-mm\/","title":{"rendered":"Opryskiwacz plecakowy M&amp;M"},"content":{"rendered":"","protected":false},"excerpt":{"rendered":"<h3 style=\"text-align: start\">Specyfikacje<\/h3>\n<ul>\n<li>\n<p><span>25 cm\u00b3 GX25 Honda 4-suwowy<\/span><\/p>\n<\/li>\n<li>\n<p><span>Regulowana lanca z podw\u00f3jn\u0105 dysz\u0105 natryskow\u0105<\/span><\/p>\n<\/li>\n<li>\n<p><span>+ Lanca turbo do wysokich drzew<\/span><\/p>\n<\/li>\n<li>\n<p><span>W\u0105\u017c wysokoci\u015bnieniowy 1 m<\/span><\/p>\n<\/li>\n<li>\n<p><span>Przep\u0142yw 8 l\/min<\/span><\/p>\n<\/li>\n<li>\n<p><span>Ci\u015bnienie regulowane do 30 bar<\/span><\/p>\n<\/li>\n<li>\n<p><span>pojemno\u015b\u0107 zbiornika 25 litr\u00f3w<\/span><\/p>\n<\/li>\n<li>\n<p><span>9 kg<\/span><\/p>\n<\/li>\n<li>\n<p><span>gwarancja 2 lata<\/span><\/p>\n<\/li>\n<\/ul>\n","protected":false},"featured_media":9361,"template":"","meta":{"_acf_changed":false},"product_brand":[1239],"product_cat":[369],"product_tag":[],"class_list":{"0":"post-15364","1":"product","2":"type-product","3":"status-publish","4":"has-post-thumbnail","6":"product_brand-mm-pl","7":"product_cat-maszyny-reczne","9":"first","10":"instock","11":"taxable","12":"shipping-taxable","13":"purchasable","14":"product-type-simple"},"acf":[],"_links":{"self":[{"href":"https:\/\/mdbouwmachines.be\/pl\/wp-json\/wp\/v2\/product\/15364","targetHints":{"allow":["GET"]}}],"collection":[{"href":"https:\/\/mdbouwmachines.be\/pl\/wp-json\/wp\/v2\/product"}],"about":[{"href":"https:\/\/mdbouwmachines.be\/pl\/wp-json\/wp\/v2\/types\/product"}],"wp:featuredmedia":[{"embeddable":true,"href":"https:\/\/mdbouwmachines.be\/pl\/wp-json\/wp\/v2\/media\/9361"}],"wp:attachment":[{"href":"https:\/\/mdbouwmachines.be\/pl\/wp-json\/wp\/v2\/media?parent=15364"}],"wp:term":[{"taxonomy":"product_brand","embeddable":true,"href":"https:\/\/mdbouwmachines.be\/pl\/wp-json\/wp\/v2\/product_brand?post=15364"},{"taxonomy":"product_cat","embeddable":true,"href":"https:\/\/mdbouwmachines.be\/pl\/wp-json\/wp\/v2\/product_cat?post=15364"},{"taxonomy":"product_tag","embeddable":true,"href":"https:\/\/mdbouwmachines.be\/pl\/wp-json\/wp\/v2\/product_tag?post=15364"}],"curies":[{"name":"wp","href":"https:\/\/api.w.org\/{rel}","templated":true}]}}