{"id":15357,"date":"2025-01-24T09:54:55","date_gmt":"2025-01-24T08:54:55","guid":{"rendered":"https:\/\/mdbouwmachines.be\/product\/rozsiewacz-gamo\/"},"modified":"2025-06-23T12:28:35","modified_gmt":"2025-06-23T11:28:35","slug":"rozsiewacz-gamo","status":"publish","type":"product","link":"https:\/\/mdbouwmachines.be\/pl\/produkt\/rozsiewacz-gamo\/","title":{"rendered":"Rozsiewacz GAMO"},"content":{"rendered":"","protected":false},"excerpt":{"rendered":"<p>W\u00f3zek rozrzutnika 1m30 marki GAMO z dostosowanymi grubszymi ko\u0142ami dla lepszego roz\u0142o\u017cenia masy + d\u0142u\u017csza \u017cywotno\u015b\u0107<\/p>\n","protected":false},"featured_media":9433,"template":"","meta":{"_acf_changed":false},"product_brand":[1235],"product_cat":[421],"product_tag":[],"class_list":{"0":"post-15357","1":"product","2":"type-product","3":"status-publish","4":"has-post-thumbnail","6":"product_brand-gamo-pl","7":"product_cat-rozszerzacz","9":"first","10":"instock","11":"taxable","12":"shipping-taxable","13":"purchasable","14":"product-type-simple"},"acf":[],"_links":{"self":[{"href":"https:\/\/mdbouwmachines.be\/pl\/wp-json\/wp\/v2\/product\/15357","targetHints":{"allow":["GET"]}}],"collection":[{"href":"https:\/\/mdbouwmachines.be\/pl\/wp-json\/wp\/v2\/product"}],"about":[{"href":"https:\/\/mdbouwmachines.be\/pl\/wp-json\/wp\/v2\/types\/product"}],"wp:featuredmedia":[{"embeddable":true,"href":"https:\/\/mdbouwmachines.be\/pl\/wp-json\/wp\/v2\/media\/9433"}],"wp:attachment":[{"href":"https:\/\/mdbouwmachines.be\/pl\/wp-json\/wp\/v2\/media?parent=15357"}],"wp:term":[{"taxonomy":"product_brand","embeddable":true,"href":"https:\/\/mdbouwmachines.be\/pl\/wp-json\/wp\/v2\/product_brand?post=15357"},{"taxonomy":"product_cat","embeddable":true,"href":"https:\/\/mdbouwmachines.be\/pl\/wp-json\/wp\/v2\/product_cat?post=15357"},{"taxonomy":"product_tag","embeddable":true,"href":"https:\/\/mdbouwmachines.be\/pl\/wp-json\/wp\/v2\/product_tag?post=15357"}],"curies":[{"name":"wp","href":"https:\/\/api.w.org\/{rel}","templated":true}]}}