{"id":15345,"date":"2025-01-24T09:54:54","date_gmt":"2025-01-24T08:54:54","guid":{"rendered":"https:\/\/mdbouwmachines.be\/product\/tjep-c16a-frez-do-pretow-zbrojeniowych\/"},"modified":"2025-01-24T09:54:54","modified_gmt":"2025-01-24T08:54:54","slug":"tjep-c16a-frez-do-pretow-zbrojeniowych","status":"publish","type":"product","link":"https:\/\/mdbouwmachines.be\/pl\/produkt\/tjep-c16a-frez-do-pretow-zbrojeniowych\/","title":{"rendered":"TJEP C16A Frez do pr\u0119t\u00f3w zbrojeniowych"},"content":{"rendered":"","protected":false},"excerpt":{"rendered":"<table>\n<tbody>\n<tr>\n<td colspan=\"1\" rowspan=\"1\">\n<p>Nr art.<\/p>\n<\/td>\n<td colspan=\"1\" rowspan=\"1\">\n<p>102998<\/p>\n<\/td>\n<\/tr>\n<tr>\n<td colspan=\"1\" rowspan=\"1\">\n<p>Nr EAN<\/p>\n<\/td>\n<td colspan=\"1\" rowspan=\"1\">\n<p>5702551029985<\/p>\n<\/td>\n<\/tr>\n<tr>\n<td colspan=\"2\" rowspan=\"1\">\n<p>&nbsp;<\/p>\n<\/td>\n<\/tr>\n<tr>\n<td colspan=\"1\" rowspan=\"1\">\n<p>Wymiary (d\u0142\u00d7szer.\u00d7wys.)<\/p>\n<\/td>\n<td colspan=\"1\" rowspan=\"1\">\n<p>490 \u00d7 395 \u00d7 135 mm<\/p>\n<\/td>\n<\/tr>\n<tr>\n<td colspan=\"1\" rowspan=\"1\">\n<p>Waga<\/p>\n<\/td>\n<td colspan=\"1\" rowspan=\"1\">\n<p>8,6 kg<\/p>\n<\/td>\n<\/tr>\n<tr>\n<td colspan=\"2\" rowspan=\"1\">\n<p>&nbsp;<\/p>\n<\/td>\n<\/tr>\n<tr>\n<td colspan=\"1\" rowspan=\"1\">\n<p>Grubo\u015b\u0107 robocza<\/p>\n<\/td>\n<td colspan=\"1\" rowspan=\"1\">\n<p>Grubo\u015b\u0107 16 mm<\/p>\n<\/td>\n<\/tr>\n<tr>\n<td colspan=\"1\" rowspan=\"1\">\n<\/td>\n<td colspan=\"1\" rowspan=\"1\">\n<p>Max. 650 N\/mm2<\/p>\n<\/td>\n<\/tr>\n<tr>\n<td colspan=\"1\" rowspan=\"1\">\n<\/td>\n<td colspan=\"1\" rowspan=\"1\">\n<p>18V \/ 4Ah<\/p>\n<\/td>\n<\/tr>\n<\/tbody>\n<\/table>\n","protected":false},"featured_media":9341,"template":"","meta":{"_acf_changed":false},"product_brand":[1163],"product_cat":[369],"product_tag":[],"class_list":{"0":"post-15345","1":"product","2":"type-product","3":"status-publish","4":"has-post-thumbnail","6":"product_brand-tjep-pl","7":"product_cat-maszyny-reczne","9":"first","10":"instock","11":"taxable","12":"shipping-taxable","13":"purchasable","14":"product-type-simple"},"acf":[],"_links":{"self":[{"href":"https:\/\/mdbouwmachines.be\/pl\/wp-json\/wp\/v2\/product\/15345","targetHints":{"allow":["GET"]}}],"collection":[{"href":"https:\/\/mdbouwmachines.be\/pl\/wp-json\/wp\/v2\/product"}],"about":[{"href":"https:\/\/mdbouwmachines.be\/pl\/wp-json\/wp\/v2\/types\/product"}],"wp:featuredmedia":[{"embeddable":true,"href":"https:\/\/mdbouwmachines.be\/pl\/wp-json\/wp\/v2\/media\/9341"}],"wp:attachment":[{"href":"https:\/\/mdbouwmachines.be\/pl\/wp-json\/wp\/v2\/media?parent=15345"}],"wp:term":[{"taxonomy":"product_brand","embeddable":true,"href":"https:\/\/mdbouwmachines.be\/pl\/wp-json\/wp\/v2\/product_brand?post=15345"},{"taxonomy":"product_cat","embeddable":true,"href":"https:\/\/mdbouwmachines.be\/pl\/wp-json\/wp\/v2\/product_cat?post=15345"},{"taxonomy":"product_tag","embeddable":true,"href":"https:\/\/mdbouwmachines.be\/pl\/wp-json\/wp\/v2\/product_tag?post=15345"}],"curies":[{"name":"wp","href":"https:\/\/api.w.org\/{rel}","templated":true}]}}