{"id":15342,"date":"2025-01-24T09:54:54","date_gmt":"2025-01-24T09:54:54","guid":{"rendered":"https:\/\/mdbouwmachines.be\/product\/ubijak-rolkowy\/"},"modified":"2025-01-24T09:54:54","modified_gmt":"2025-01-24T08:54:54","slug":"ubijak-rolkowy","status":"publish","type":"product","link":"https:\/\/mdbouwmachines.be\/pl\/produkt\/ubijak-rolkowy\/","title":{"rendered":"Ubijak rolkowy"},"content":{"rendered":"","protected":false},"excerpt":{"rendered":"<p>Niezast\u0105pione narz\u0119dzie do betonu drukowanego, ale doskonale nadaje si\u0119 r\u00f3wnie\u017c do tworzenia gruboziarnistej warstwy antypo\u015blizgowej. Ubijak rolkowy jest dost\u0119pny w rozmiarach szeroko\u015bci 900 mm i 1200 mm. 1200 mm to standardowy i najcz\u0119\u015bciej u\u017cywany rozmiar.  <\/p>\n","protected":false},"featured_media":9337,"template":"","meta":{"_acf_changed":false},"product_brand":[1131],"product_cat":[497],"product_tag":[],"class_list":{"0":"post-15342","1":"product","2":"type-product","3":"status-publish","4":"has-post-thumbnail","6":"product_brand-md-bouwmachines-pl","7":"product_cat-narzedzia-reczne-i-narzedzia","9":"first","10":"instock","11":"taxable","12":"shipping-taxable","13":"purchasable","14":"product-type-variable","15":"has-default-attributes"},"acf":[],"_links":{"self":[{"href":"https:\/\/mdbouwmachines.be\/pl\/wp-json\/wp\/v2\/product\/15342","targetHints":{"allow":["GET"]}}],"collection":[{"href":"https:\/\/mdbouwmachines.be\/pl\/wp-json\/wp\/v2\/product"}],"about":[{"href":"https:\/\/mdbouwmachines.be\/pl\/wp-json\/wp\/v2\/types\/product"}],"wp:featuredmedia":[{"embeddable":true,"href":"https:\/\/mdbouwmachines.be\/pl\/wp-json\/wp\/v2\/media\/9337"}],"wp:attachment":[{"href":"https:\/\/mdbouwmachines.be\/pl\/wp-json\/wp\/v2\/media?parent=15342"}],"wp:term":[{"taxonomy":"product_brand","embeddable":true,"href":"https:\/\/mdbouwmachines.be\/pl\/wp-json\/wp\/v2\/product_brand?post=15342"},{"taxonomy":"product_cat","embeddable":true,"href":"https:\/\/mdbouwmachines.be\/pl\/wp-json\/wp\/v2\/product_cat?post=15342"},{"taxonomy":"product_tag","embeddable":true,"href":"https:\/\/mdbouwmachines.be\/pl\/wp-json\/wp\/v2\/product_tag?post=15342"}],"curies":[{"name":"wp","href":"https:\/\/api.w.org\/{rel}","templated":true}]}}