{"id":15337,"date":"2025-01-24T09:54:54","date_gmt":"2025-01-24T08:54:54","guid":{"rendered":"https:\/\/mdbouwmachines.be\/product\/zen16-cgh\/"},"modified":"2025-06-23T12:34:41","modified_gmt":"2025-06-23T11:34:41","slug":"zen16-cgh","status":"publish","type":"product","link":"https:\/\/mdbouwmachines.be\/pl\/produkt\/zen16-cgh\/","title":{"rendered":"ZEN16 CGH"},"content":{"rendered":"","protected":false},"excerpt":{"rendered":"<ul>\n<li>\n<p>Zag\u0119szczarka p\u0142ytowa przednia.<\/p>\n<\/li>\n<li>\n<p>\u017beliwna p\u0142yta podstawy.<\/p>\n<\/li>\n<li>\n<p>Peda\u0142 przyspieszenia na uchwycie.<\/p>\n<\/li>\n<li>\n<p>W komplecie zestaw sk\u0142adanych k\u00f3\u0142.<\/p>\n<\/li>\n<li>\n<p>Seria o szeroko\u015bci arkusza 400 i 500 mm.<\/p>\n<\/li>\n<li>\n<p>Solidne i niezawodne elementy konstrukcyjne chroni\u0105ce silnik.<\/p>\n<\/li>\n<li>\n<p>Przeznaczony do zag\u0119szczania zasypek, przygotowania pod\u0142o\u017ca, szalowania i zag\u0119szczania wok\u00f3\u0142 wody, telefonu&#8230;<\/p>\n<\/li>\n<li>\n<p>4-suwowy silnik benzynowy lub wysokopr\u0119\u017cny.<\/p>\n<\/li>\n<li>\n<p>Cz\u0119stotliwo\u015b\u0107: 5 600 wibracji\/min.<\/p>\n<\/li>\n<li>\n<p>Si\u0142a uderzenia od 1.600 do 2.000 kg.<\/p>\n<\/li>\n<li>\n<p>W zestawie zestaw k\u00f3\u0142 sk\u0142adanych<\/p>\n<\/li>\n<li>\n<p>Opcje:<\/p>\n<\/li>\n<li>\n<p>Zabezpieczenie z vulkollanu do kostki brukowej<\/p>\n<\/li>\n<li>\n<p>Zbiornik na wod\u0119, 9 l. do asfaltu<\/p>\n<\/li>\n<li>\n<p>Silnik: Honda GX160 CE<\/p>\n<\/li>\n<li>\n<p>Si\u0142a wirowania: 16 kN<\/p>\n<\/li>\n<li>\n<p>Szeroko\u015b\u0107: 400mm<\/p>\n<\/li>\n<li>\n<p>Waga: 90 kg<\/p>\n<\/li>\n<\/ul>\n","protected":false},"featured_media":9349,"template":"","meta":{"_acf_changed":false},"product_brand":[1140],"product_cat":[819],"product_tag":[],"class_list":{"0":"post-15337","1":"product","2":"type-product","3":"status-publish","4":"has-post-thumbnail","6":"product_brand-enar-pl","7":"product_cat-plyty-wibracyjne","9":"first","10":"instock","11":"taxable","12":"shipping-taxable","13":"purchasable","14":"product-type-simple"},"acf":[],"_links":{"self":[{"href":"https:\/\/mdbouwmachines.be\/pl\/wp-json\/wp\/v2\/product\/15337","targetHints":{"allow":["GET"]}}],"collection":[{"href":"https:\/\/mdbouwmachines.be\/pl\/wp-json\/wp\/v2\/product"}],"about":[{"href":"https:\/\/mdbouwmachines.be\/pl\/wp-json\/wp\/v2\/types\/product"}],"wp:featuredmedia":[{"embeddable":true,"href":"https:\/\/mdbouwmachines.be\/pl\/wp-json\/wp\/v2\/media\/9349"}],"wp:attachment":[{"href":"https:\/\/mdbouwmachines.be\/pl\/wp-json\/wp\/v2\/media?parent=15337"}],"wp:term":[{"taxonomy":"product_brand","embeddable":true,"href":"https:\/\/mdbouwmachines.be\/pl\/wp-json\/wp\/v2\/product_brand?post=15337"},{"taxonomy":"product_cat","embeddable":true,"href":"https:\/\/mdbouwmachines.be\/pl\/wp-json\/wp\/v2\/product_cat?post=15337"},{"taxonomy":"product_tag","embeddable":true,"href":"https:\/\/mdbouwmachines.be\/pl\/wp-json\/wp\/v2\/product_tag?post=15337"}],"curies":[{"name":"wp","href":"https:\/\/api.w.org\/{rel}","templated":true}]}}