{"id":15336,"date":"2025-01-24T09:54:54","date_gmt":"2025-01-24T08:54:54","guid":{"rendered":"https:\/\/mdbouwmachines.be\/product\/tjep-rc20a-obcinak-do-pretow\/"},"modified":"2025-01-24T09:54:54","modified_gmt":"2025-01-24T08:54:54","slug":"tjep-rc20a-obcinak-do-pretow","status":"publish","type":"product","link":"https:\/\/mdbouwmachines.be\/pl\/produkt\/tjep-rc20a-obcinak-do-pretow\/","title":{"rendered":"TJEP RC20A Obcinak do pr\u0119t\u00f3w"},"content":{"rendered":"","protected":false},"excerpt":{"rendered":"<table>\n<tbody>\n<tr>\n<td colspan=\"1\" rowspan=\"1\">\n<p>Nr art.<\/p>\n<\/td>\n<td colspan=\"1\" rowspan=\"1\">\n<p>102944<\/p>\n<\/td>\n<\/tr>\n<tr>\n<td colspan=\"1\" rowspan=\"1\">\n<p>Nr EAN<\/p>\n<\/td>\n<td colspan=\"1\" rowspan=\"1\">\n<p>5702551029442<\/p>\n<\/td>\n<\/tr>\n<tr>\n<td colspan=\"2\" rowspan=\"1\">\n<p>&nbsp;<\/p>\n<\/td>\n<\/tr>\n<tr>\n<td colspan=\"1\" rowspan=\"1\">\n<p>Wymiary (d\u0142\u00d7szer.\u00d7wys.)<\/p>\n<\/td>\n<td colspan=\"1\" rowspan=\"1\">\n<p>438 \u00d7 133 \u00d7 83 mm<\/p>\n<\/td>\n<\/tr>\n<tr>\n<td colspan=\"1\" rowspan=\"1\">\n<p>Waga<\/p>\n<\/td>\n<td colspan=\"1\" rowspan=\"1\">\n<p>3,5 kg<\/p>\n<\/td>\n<\/tr>\n<tr>\n<td colspan=\"2\" rowspan=\"1\">\n<p>&nbsp;<\/p>\n<\/td>\n<\/tr>\n<tr>\n<td colspan=\"1\" rowspan=\"1\">\n<p>Grubo\u015b\u0107 robocza<\/p>\n<\/td>\n<td colspan=\"1\" rowspan=\"1\">\n<p>10 \u2013 20 mm<\/p>\n<\/td>\n<\/tr>\n<tr>\n<td colspan=\"1\" rowspan=\"1\">\n<\/td>\n<td colspan=\"1\" rowspan=\"1\">\n<p>Maks. 2 000<\/p>\n<\/td>\n<\/tr>\n<tr>\n<td colspan=\"1\" rowspan=\"1\">\n<\/td>\n<td colspan=\"1\" rowspan=\"1\">\n<p>24V\/4Ah<\/p>\n<\/td>\n<\/tr>\n<tr>\n<td colspan=\"1\" rowspan=\"1\">\n<p>D\u017awi\u0119k (LpA, 4m)<\/p>\n<\/td>\n<td colspan=\"1\" rowspan=\"1\">\n<p>88 dB<\/p>\n<\/td>\n<\/tr>\n<tr>\n<td colspan=\"1\" rowspan=\"1\">\n<p>Ha\u0142as (LwA)<\/p>\n<\/td>\n<td colspan=\"1\" rowspan=\"1\">\n<p>99 dB<\/p>\n<\/td>\n<\/tr>\n<\/tbody>\n<\/table>\n","protected":false},"featured_media":9345,"template":"","meta":{"_acf_changed":false},"product_brand":[1163],"product_cat":[369],"product_tag":[],"class_list":{"0":"post-15336","1":"product","2":"type-product","3":"status-publish","4":"has-post-thumbnail","6":"product_brand-tjep-pl","7":"product_cat-maszyny-reczne","9":"first","10":"instock","11":"taxable","12":"shipping-taxable","13":"purchasable","14":"product-type-simple"},"acf":[],"_links":{"self":[{"href":"https:\/\/mdbouwmachines.be\/pl\/wp-json\/wp\/v2\/product\/15336","targetHints":{"allow":["GET"]}}],"collection":[{"href":"https:\/\/mdbouwmachines.be\/pl\/wp-json\/wp\/v2\/product"}],"about":[{"href":"https:\/\/mdbouwmachines.be\/pl\/wp-json\/wp\/v2\/types\/product"}],"wp:featuredmedia":[{"embeddable":true,"href":"https:\/\/mdbouwmachines.be\/pl\/wp-json\/wp\/v2\/media\/9345"}],"wp:attachment":[{"href":"https:\/\/mdbouwmachines.be\/pl\/wp-json\/wp\/v2\/media?parent=15336"}],"wp:term":[{"taxonomy":"product_brand","embeddable":true,"href":"https:\/\/mdbouwmachines.be\/pl\/wp-json\/wp\/v2\/product_brand?post=15336"},{"taxonomy":"product_cat","embeddable":true,"href":"https:\/\/mdbouwmachines.be\/pl\/wp-json\/wp\/v2\/product_cat?post=15336"},{"taxonomy":"product_tag","embeddable":true,"href":"https:\/\/mdbouwmachines.be\/pl\/wp-json\/wp\/v2\/product_tag?post=15336"}],"curies":[{"name":"wp","href":"https:\/\/api.w.org\/{rel}","templated":true}]}}