{"id":15329,"date":"2025-01-24T09:54:53","date_gmt":"2025-01-24T08:54:53","guid":{"rendered":"https:\/\/mdbouwmachines.be\/product\/jastrych-kratownicowy-se12\/"},"modified":"2025-01-24T09:54:53","modified_gmt":"2025-01-24T08:54:53","slug":"jastrych-kratownicowy-se12","status":"publish","type":"product","link":"https:\/\/mdbouwmachines.be\/pl\/produkt\/jastrych-kratownicowy-se12\/","title":{"rendered":"Jastrych kratownicowy SE12"},"content":{"rendered":"","protected":false},"excerpt":{"rendered":"<p>Ten nap\u0119dzany silnikiem jastrych kratownicowy Allen\u00ae Razorback\u00ae jest u\u017cywany w niezliczonych projektach na ca\u0142ym \u015bwiecie od ponad czterech dekad. Dzi\u0119ki silnikowi benzynowemu, wibracjom nap\u0119dowym i opcjonalnej wci\u0105garce hydraulicznej, ta autonomiczna roz\u015bcie\u0142acz jest standardem bran\u017cowym dla wszystkich roz\u015bcie\u0142aczy o konstrukcji stalowej. Dost\u0119pne z akcesoriami do dr\u00f3g, most\u00f3w i innych prac.  <\/p>\n<\/p>\n<p><img decoding=\"async\" src=\"https:\/\/uploads-ssl.webflow.com\/5fa858652f9d2127f53af166\/606ebcb3dc69b82247a557de_Truscreed%203.PNG\" tt-mode=\"file\" tt-link-url=\"\" tt-link-target=\"\" tt-link-mode=\"url\"><\/p>\n","protected":false},"featured_media":9329,"template":"","meta":{"_acf_changed":false},"product_brand":[1232],"product_cat":[811],"product_tag":[],"class_list":{"0":"post-15329","1":"product","2":"type-product","3":"status-publish","4":"has-post-thumbnail","6":"product_brand-allen-pl","7":"product_cat-belki-wibracyjne","9":"first","10":"instock","11":"taxable","12":"shipping-taxable","13":"purchasable","14":"product-type-simple"},"acf":[],"_links":{"self":[{"href":"https:\/\/mdbouwmachines.be\/pl\/wp-json\/wp\/v2\/product\/15329","targetHints":{"allow":["GET"]}}],"collection":[{"href":"https:\/\/mdbouwmachines.be\/pl\/wp-json\/wp\/v2\/product"}],"about":[{"href":"https:\/\/mdbouwmachines.be\/pl\/wp-json\/wp\/v2\/types\/product"}],"wp:featuredmedia":[{"embeddable":true,"href":"https:\/\/mdbouwmachines.be\/pl\/wp-json\/wp\/v2\/media\/9329"}],"wp:attachment":[{"href":"https:\/\/mdbouwmachines.be\/pl\/wp-json\/wp\/v2\/media?parent=15329"}],"wp:term":[{"taxonomy":"product_brand","embeddable":true,"href":"https:\/\/mdbouwmachines.be\/pl\/wp-json\/wp\/v2\/product_brand?post=15329"},{"taxonomy":"product_cat","embeddable":true,"href":"https:\/\/mdbouwmachines.be\/pl\/wp-json\/wp\/v2\/product_cat?post=15329"},{"taxonomy":"product_tag","embeddable":true,"href":"https:\/\/mdbouwmachines.be\/pl\/wp-json\/wp\/v2\/product_tag?post=15329"}],"curies":[{"name":"wp","href":"https:\/\/api.w.org\/{rel}","templated":true}]}}