{"id":15320,"date":"2025-01-24T09:54:51","date_gmt":"2025-01-24T08:54:51","guid":{"rendered":"https:\/\/mdbouwmachines.be\/product\/aspen-4-suwowy\/"},"modified":"2025-01-24T09:54:51","modified_gmt":"2025-01-24T08:54:51","slug":"aspen-4-suwowy","status":"publish","type":"product","link":"https:\/\/mdbouwmachines.be\/pl\/produkt\/aspen-4-suwowy\/","title":{"rendered":"Aspen 4-suwowy"},"content":{"rendered":"","protected":false},"excerpt":{"rendered":"<p><span>Aspen 4 to benzyna alkilatowa do kosiarek, generator\u00f3w, \u0142odzi i innych silnik\u00f3w czterosuwowych. Czystsze spalanie Aspen 4 sprawia, \u017ce spaliny s\u0105 mniej niebezpieczne dla zdrowia. Ponadto silnik pozostaje czystszy, co zapewnia lepsz\u0105 wydajno\u015b\u0107 i d\u0142u\u017csz\u0105 \u017cywotno\u015b\u0107 maszyny. Aspen 4 mo\u017ce by\u0107 przechowywany przez lata i zachowuje swoj\u0105 jako\u015b\u0107!   <\/span><\/p>\n","protected":false},"featured_media":9325,"template":"","meta":{"_acf_changed":false},"product_brand":[1227],"product_cat":[525],"product_tag":[],"class_list":{"0":"post-15320","1":"product","2":"type-product","3":"status-publish","4":"has-post-thumbnail","6":"product_brand-aspen-pl","7":"product_cat-materialy-eksploatacyjne","9":"first","10":"instock","11":"taxable","12":"shipping-taxable","13":"purchasable","14":"product-type-simple"},"acf":[],"_links":{"self":[{"href":"https:\/\/mdbouwmachines.be\/pl\/wp-json\/wp\/v2\/product\/15320","targetHints":{"allow":["GET"]}}],"collection":[{"href":"https:\/\/mdbouwmachines.be\/pl\/wp-json\/wp\/v2\/product"}],"about":[{"href":"https:\/\/mdbouwmachines.be\/pl\/wp-json\/wp\/v2\/types\/product"}],"wp:featuredmedia":[{"embeddable":true,"href":"https:\/\/mdbouwmachines.be\/pl\/wp-json\/wp\/v2\/media\/9325"}],"wp:attachment":[{"href":"https:\/\/mdbouwmachines.be\/pl\/wp-json\/wp\/v2\/media?parent=15320"}],"wp:term":[{"taxonomy":"product_brand","embeddable":true,"href":"https:\/\/mdbouwmachines.be\/pl\/wp-json\/wp\/v2\/product_brand?post=15320"},{"taxonomy":"product_cat","embeddable":true,"href":"https:\/\/mdbouwmachines.be\/pl\/wp-json\/wp\/v2\/product_cat?post=15320"},{"taxonomy":"product_tag","embeddable":true,"href":"https:\/\/mdbouwmachines.be\/pl\/wp-json\/wp\/v2\/product_tag?post=15320"}],"curies":[{"name":"wp","href":"https:\/\/api.w.org\/{rel}","templated":true}]}}