{"id":15313,"date":"2025-01-24T09:54:53","date_gmt":"2025-01-24T09:54:53","guid":{"rendered":"https:\/\/mdbouwmachines.be\/product\/drut-wiazacy-tjep\/"},"modified":"2025-01-24T09:54:53","modified_gmt":"2025-01-24T08:54:53","slug":"drut-wiazacy-tjep","status":"publish","type":"product","link":"https:\/\/mdbouwmachines.be\/pl\/produkt\/drut-wiazacy-tjep\/","title":{"rendered":"Drut wi\u0105\u017c\u0105cy TJEP"},"content":{"rendered":"","protected":false},"excerpt":{"rendered":"<table>\n<tbody>\n<tr>\n<td colspan=\"2\" rowspan=\"1\">\n<p><strong>SPECYFIKACJE<\/strong><\/p>\n<\/td>\n<\/tr>\n<tr>\n<td colspan=\"1\" rowspan=\"1\">\n<p>Nr art.<\/p>\n<\/td>\n<td colspan=\"1\" rowspan=\"1\">\n<p>124153<\/p>\n<\/td>\n<\/tr>\n<tr>\n<td colspan=\"1\" rowspan=\"1\">\n<p>Nr EAN<\/p>\n<\/td>\n<td colspan=\"1\" rowspan=\"1\">\n<p>5702551241516<\/p>\n<\/td>\n<\/tr>\n<tr>\n<td colspan=\"2\" rowspan=\"1\">\n<p>&nbsp;<\/p>\n<\/td>\n<\/tr>\n<tr>\n<td colspan=\"1\" rowspan=\"1\">\n<p>Numer<\/p>\n<\/td>\n<td colspan=\"1\" rowspan=\"1\">\n<p>40 rolek w pude\u0142ku<\/p>\n<\/td>\n<\/tr>\n<tr>\n<td colspan=\"1\" rowspan=\"1\">\n<p>Skrzynie \/ paleta<\/p>\n<\/td>\n<td colspan=\"1\" rowspan=\"1\">\n<p>48<\/p>\n<p>  Kawa\u0142ki.<\/p>\n<\/td>\n<\/tr>\n<tr>\n<td colspan=\"1\" rowspan=\"1\">\n<p>Sko\u0144czy\u0107<\/p>\n<\/td>\n<td colspan=\"1\" rowspan=\"1\">\n<p>Coll.<\/p>\n<\/td>\n<\/tr>\n<tr>\n<td colspan=\"1\" rowspan=\"1\">\n<p>\u015arednica<\/p>\n<\/td>\n<td colspan=\"1\" rowspan=\"1\">\n<p>0,8 mm<\/p>\n<\/td>\n<\/tr>\n<tr>\n<td colspan=\"1\" rowspan=\"1\">\n<p>D\u0142ugo\u015b\u0107<\/p>\n<\/td>\n<td colspan=\"1\" rowspan=\"1\">\n<p>100<\/p>\n<\/td>\n<\/tr>\n<tr>\n<td colspan=\"1\" rowspan=\"1\">\n<p>Waga<\/p>\n<\/td>\n<td colspan=\"1\" rowspan=\"1\">\n<p>20,5 kg<\/p>\n<\/td>\n<\/tr>\n<\/tbody>\n<\/table>\n","protected":false},"featured_media":9333,"template":"","meta":{"_acf_changed":false},"product_brand":[1163],"product_cat":[525],"product_tag":[],"class_list":{"0":"post-15313","1":"product","2":"type-product","3":"status-publish","4":"has-post-thumbnail","6":"product_brand-tjep-pl","7":"product_cat-materialy-eksploatacyjne","9":"first","10":"instock","11":"taxable","12":"shipping-taxable","13":"purchasable","14":"product-type-variable","15":"has-default-attributes"},"acf":[],"_links":{"self":[{"href":"https:\/\/mdbouwmachines.be\/pl\/wp-json\/wp\/v2\/product\/15313","targetHints":{"allow":["GET"]}}],"collection":[{"href":"https:\/\/mdbouwmachines.be\/pl\/wp-json\/wp\/v2\/product"}],"about":[{"href":"https:\/\/mdbouwmachines.be\/pl\/wp-json\/wp\/v2\/types\/product"}],"wp:featuredmedia":[{"embeddable":true,"href":"https:\/\/mdbouwmachines.be\/pl\/wp-json\/wp\/v2\/media\/9333"}],"wp:attachment":[{"href":"https:\/\/mdbouwmachines.be\/pl\/wp-json\/wp\/v2\/media?parent=15313"}],"wp:term":[{"taxonomy":"product_brand","embeddable":true,"href":"https:\/\/mdbouwmachines.be\/pl\/wp-json\/wp\/v2\/product_brand?post=15313"},{"taxonomy":"product_cat","embeddable":true,"href":"https:\/\/mdbouwmachines.be\/pl\/wp-json\/wp\/v2\/product_cat?post=15313"},{"taxonomy":"product_tag","embeddable":true,"href":"https:\/\/mdbouwmachines.be\/pl\/wp-json\/wp\/v2\/product_tag?post=15313"}],"curies":[{"name":"wp","href":"https:\/\/api.w.org\/{rel}","templated":true}]}}