{"id":15307,"date":"2025-01-24T09:54:48","date_gmt":"2025-01-24T09:54:48","guid":{"rendered":"https:\/\/mdbouwmachines.be\/product\/wibrator-cpv\/"},"modified":"2025-01-24T09:54:48","modified_gmt":"2025-01-24T08:54:48","slug":"wibrator-cpv","status":"publish","type":"product","link":"https:\/\/mdbouwmachines.be\/pl\/produkt\/wibrator-cpv\/","title":{"rendered":"Wibrator CPV"},"content":{"rendered":"","protected":false},"excerpt":{"rendered":"<ul>\n<li>\n<p><strong>Silnik:<\/strong> Honda GX35<\/p>\n<\/li>\n<li>\n<p><strong>Moc:<\/strong> 1,2 kW (1,6 KM)<\/p>\n<\/li>\n<li>\n<p><strong>D\u0142ugo\u015b\u0107 elastyczna (m):<\/strong> 2,0, 3,0<\/p>\n<\/li>\n<li>\n<p><strong>\u015arednica g\u0142owicy wibracyjnej:<\/strong> 40 mm<\/p>\n<\/li>\n<\/ul>\n","protected":false},"featured_media":9317,"template":"","meta":{"_acf_changed":false},"product_brand":[1131],"product_cat":[815],"product_tag":[],"class_list":{"0":"post-15307","1":"product","2":"type-product","3":"status-publish","4":"has-post-thumbnail","6":"product_brand-md-bouwmachines-pl","7":"product_cat-igly-wibracyjne-przemienniki","9":"first","10":"instock","11":"taxable","12":"shipping-taxable","13":"purchasable","14":"product-type-variable","15":"has-default-attributes"},"acf":[],"_links":{"self":[{"href":"https:\/\/mdbouwmachines.be\/pl\/wp-json\/wp\/v2\/product\/15307","targetHints":{"allow":["GET"]}}],"collection":[{"href":"https:\/\/mdbouwmachines.be\/pl\/wp-json\/wp\/v2\/product"}],"about":[{"href":"https:\/\/mdbouwmachines.be\/pl\/wp-json\/wp\/v2\/types\/product"}],"wp:featuredmedia":[{"embeddable":true,"href":"https:\/\/mdbouwmachines.be\/pl\/wp-json\/wp\/v2\/media\/9317"}],"wp:attachment":[{"href":"https:\/\/mdbouwmachines.be\/pl\/wp-json\/wp\/v2\/media?parent=15307"}],"wp:term":[{"taxonomy":"product_brand","embeddable":true,"href":"https:\/\/mdbouwmachines.be\/pl\/wp-json\/wp\/v2\/product_brand?post=15307"},{"taxonomy":"product_cat","embeddable":true,"href":"https:\/\/mdbouwmachines.be\/pl\/wp-json\/wp\/v2\/product_cat?post=15307"},{"taxonomy":"product_tag","embeddable":true,"href":"https:\/\/mdbouwmachines.be\/pl\/wp-json\/wp\/v2\/product_tag?post=15307"}],"curies":[{"name":"wp","href":"https:\/\/api.w.org\/{rel}","templated":true}]}}