{"id":15306,"date":"2025-01-24T09:54:50","date_gmt":"2025-01-24T08:54:50","guid":{"rendered":"https:\/\/mdbouwmachines.be\/product\/aspen-2-suwowy\/"},"modified":"2025-01-24T09:54:50","modified_gmt":"2025-01-24T08:54:50","slug":"aspen-2-suwowy","status":"publish","type":"product","link":"https:\/\/mdbouwmachines.be\/pl\/produkt\/aspen-2-suwowy\/","title":{"rendered":"Aspen 2-suwowy"},"content":{"rendered":"","protected":false},"excerpt":{"rendered":"<p>Aspen 2 Stroke&nbsp;to gotowa do u\u017cycia mieszanka smar\u00f3w do dwusuw\u00f3w do pi\u0142 \u0142a\u0144cuchowych, no\u017cyc do \u017cywop\u0142otu, dmuchaw do li\u015bci, motorower\u00f3w i innych silnik\u00f3w dwusuwowych. Aspen 2T spala si\u0119 czy\u015bciej, dzi\u0119ki czemu spaliny z maszyn dwusuwowych s\u0105 mniej niebezpieczne dla zdrowia. Ponadto silnik pozostaje czystszy, co zapewnia lepsz\u0105 wydajno\u015b\u0107 i d\u0142u\u017csz\u0105 \u017cywotno\u015b\u0107 maszyny. Aspen 2T mo\u017ce by\u0107 przechowywany przez lata bez pogorszenia jako\u015bci!   <\/p>\n<p>&nbsp;<\/p>\n","protected":false},"featured_media":9581,"template":"","meta":{"_acf_changed":false},"product_brand":[1227],"product_cat":[525],"product_tag":[],"class_list":{"0":"post-15306","1":"product","2":"type-product","3":"status-publish","4":"has-post-thumbnail","6":"product_brand-aspen-pl","7":"product_cat-materialy-eksploatacyjne","9":"first","10":"instock","11":"taxable","12":"shipping-taxable","13":"purchasable","14":"product-type-simple"},"acf":[],"_links":{"self":[{"href":"https:\/\/mdbouwmachines.be\/pl\/wp-json\/wp\/v2\/product\/15306","targetHints":{"allow":["GET"]}}],"collection":[{"href":"https:\/\/mdbouwmachines.be\/pl\/wp-json\/wp\/v2\/product"}],"about":[{"href":"https:\/\/mdbouwmachines.be\/pl\/wp-json\/wp\/v2\/types\/product"}],"wp:featuredmedia":[{"embeddable":true,"href":"https:\/\/mdbouwmachines.be\/pl\/wp-json\/wp\/v2\/media\/9581"}],"wp:attachment":[{"href":"https:\/\/mdbouwmachines.be\/pl\/wp-json\/wp\/v2\/media?parent=15306"}],"wp:term":[{"taxonomy":"product_brand","embeddable":true,"href":"https:\/\/mdbouwmachines.be\/pl\/wp-json\/wp\/v2\/product_brand?post=15306"},{"taxonomy":"product_cat","embeddable":true,"href":"https:\/\/mdbouwmachines.be\/pl\/wp-json\/wp\/v2\/product_cat?post=15306"},{"taxonomy":"product_tag","embeddable":true,"href":"https:\/\/mdbouwmachines.be\/pl\/wp-json\/wp\/v2\/product_tag?post=15306"}],"curies":[{"name":"wp","href":"https:\/\/api.w.org\/{rel}","templated":true}]}}