{"id":15273,"date":"2025-01-24T09:54:44","date_gmt":"2025-01-24T09:54:44","guid":{"rendered":"https:\/\/mdbouwmachines.be\/product\/spyder-pro-230v\/"},"modified":"2025-01-24T09:54:44","modified_gmt":"2025-01-24T08:54:44","slug":"spyder-pro-230v","status":"publish","type":"product","link":"https:\/\/mdbouwmachines.be\/pl\/produkt\/spyder-pro-230v\/","title":{"rendered":"Spyder-pro 230V"},"content":{"rendered":"","protected":false},"excerpt":{"rendered":"<ul>\n<li>\n<p><strong>Model: <\/strong>Spyder Pro 230V <strong>(38, 50, 60)<\/strong><\/p>\n<\/li>\n<li>\n<p><strong>Moc: <\/strong>580W, 850W, 1000W<\/p>\n<\/li>\n<li>\n<p><strong>Napi\u0119cie: <\/strong>230V<\/p>\n<\/li>\n<li>\n<p><strong>Waga:<\/strong> 14kg, 18kg, 20kg<\/p>\n<\/li>\n<li>\n<p><strong>\u015arednica g\u0142owicy wibracyjnej:<\/strong> 38 mm, 50 mm, 60 mm<\/p>\n<\/li>\n<li>\n<p><strong>Elastyczna d\u0142ugo\u015b\u0107: <\/strong>370 mm, 368 mm, 403 mm<\/p>\n<\/li>\n<li>\n<p><strong>wydajno\u015b\u0107:<\/strong> do 20 M\u00b3\/H, do 30 M\u00b3\/H, do 35M\u00b3\/H<\/p>\n<\/li>\n<\/ul>\n","protected":false},"featured_media":9313,"template":"","meta":{"_acf_changed":false},"product_brand":[1140],"product_cat":[815],"product_tag":[],"class_list":{"0":"post-15273","1":"product","2":"type-product","3":"status-publish","4":"has-post-thumbnail","6":"product_brand-enar-pl","7":"product_cat-igly-wibracyjne-przemienniki","9":"first","10":"instock","11":"taxable","12":"shipping-taxable","13":"purchasable","14":"product-type-variable","15":"has-default-attributes"},"acf":[],"_links":{"self":[{"href":"https:\/\/mdbouwmachines.be\/pl\/wp-json\/wp\/v2\/product\/15273","targetHints":{"allow":["GET"]}}],"collection":[{"href":"https:\/\/mdbouwmachines.be\/pl\/wp-json\/wp\/v2\/product"}],"about":[{"href":"https:\/\/mdbouwmachines.be\/pl\/wp-json\/wp\/v2\/types\/product"}],"wp:featuredmedia":[{"embeddable":true,"href":"https:\/\/mdbouwmachines.be\/pl\/wp-json\/wp\/v2\/media\/9313"}],"wp:attachment":[{"href":"https:\/\/mdbouwmachines.be\/pl\/wp-json\/wp\/v2\/media?parent=15273"}],"wp:term":[{"taxonomy":"product_brand","embeddable":true,"href":"https:\/\/mdbouwmachines.be\/pl\/wp-json\/wp\/v2\/product_brand?post=15273"},{"taxonomy":"product_cat","embeddable":true,"href":"https:\/\/mdbouwmachines.be\/pl\/wp-json\/wp\/v2\/product_cat?post=15273"},{"taxonomy":"product_tag","embeddable":true,"href":"https:\/\/mdbouwmachines.be\/pl\/wp-json\/wp\/v2\/product_tag?post=15273"}],"curies":[{"name":"wp","href":"https:\/\/api.w.org\/{rel}","templated":true}]}}