{"id":15162,"date":"2025-01-24T09:54:35","date_gmt":"2025-01-24T09:54:35","guid":{"rendered":"https:\/\/mdbouwmachines.be\/product\/silnik-wibratora-elektrycznego-dingo-230v\/"},"modified":"2025-01-24T09:54:35","modified_gmt":"2025-01-24T08:54:35","slug":"silnik-wibratora-elektrycznego-dingo-230v","status":"publish","type":"product","link":"https:\/\/mdbouwmachines.be\/pl\/produkt\/silnik-wibratora-elektrycznego-dingo-230v\/","title":{"rendered":"Silnik wibratora elektrycznego Dingo 230V"},"content":{"rendered":"","protected":false},"excerpt":{"rendered":"<ul>\n<li>\n<p><strong>Waga: <\/strong>5,8 kg<\/p>\n<\/li>\n<li>\n<p><strong>Moc:<\/strong> 2 300 W<\/p>\n<\/li>\n<li>\n<p><strong>Napi\u0119cie: <\/strong>230V<\/p>\n<\/li>\n<li>\n<p><strong>Cz\u0119stotliwo\u015b\u0107:<\/strong> 50-60 Hz<\/p>\n<\/li>\n<li>\n<p><strong>Pr\u0119dko\u015b\u0107 obrotowa wibracji:<\/strong> 18 000<\/p>\n<\/li>\n<li>\n<p><strong>Wymiary mm:<\/strong> 345 X 244 X 229<\/p>\n<\/li>\n<li>\n<p><strong>Osie elastyczne<\/strong>: 1m, 1,5m i 2m d\u0142ugo\u015bci. (TDX, TDXE) <\/p>\n<\/li>\n<li>\n<p><strong><span>R\u00f3\u017cne g\u0142owice wibracyjne (\u015brednica mm):<\/span><\/strong><span> 25, 32, 38, 40, 48 i 58.<\/span><\/p>\n<\/li>\n<\/ul>\n","protected":false},"featured_media":9289,"template":"","meta":{"_acf_changed":false},"product_brand":[1140],"product_cat":[815],"product_tag":[],"class_list":{"0":"post-15162","1":"product","2":"type-product","3":"status-publish","4":"has-post-thumbnail","6":"product_brand-enar-pl","7":"product_cat-igly-wibracyjne-przemienniki","9":"first","10":"instock","11":"taxable","12":"shipping-taxable","13":"purchasable","14":"product-type-variable","15":"has-default-attributes"},"acf":[],"_links":{"self":[{"href":"https:\/\/mdbouwmachines.be\/pl\/wp-json\/wp\/v2\/product\/15162","targetHints":{"allow":["GET"]}}],"collection":[{"href":"https:\/\/mdbouwmachines.be\/pl\/wp-json\/wp\/v2\/product"}],"about":[{"href":"https:\/\/mdbouwmachines.be\/pl\/wp-json\/wp\/v2\/types\/product"}],"wp:featuredmedia":[{"embeddable":true,"href":"https:\/\/mdbouwmachines.be\/pl\/wp-json\/wp\/v2\/media\/9289"}],"wp:attachment":[{"href":"https:\/\/mdbouwmachines.be\/pl\/wp-json\/wp\/v2\/media?parent=15162"}],"wp:term":[{"taxonomy":"product_brand","embeddable":true,"href":"https:\/\/mdbouwmachines.be\/pl\/wp-json\/wp\/v2\/product_brand?post=15162"},{"taxonomy":"product_cat","embeddable":true,"href":"https:\/\/mdbouwmachines.be\/pl\/wp-json\/wp\/v2\/product_cat?post=15162"},{"taxonomy":"product_tag","embeddable":true,"href":"https:\/\/mdbouwmachines.be\/pl\/wp-json\/wp\/v2\/product_tag?post=15162"}],"curies":[{"name":"wp","href":"https:\/\/api.w.org\/{rel}","templated":true}]}}