{"id":15113,"date":"2025-01-24T09:54:34","date_gmt":"2025-01-24T09:54:34","guid":{"rendered":"https:\/\/mdbouwmachines.be\/product\/wiazka-wibracyjna-csd\/"},"modified":"2025-06-23T12:34:41","modified_gmt":"2025-06-23T11:34:41","slug":"wiazka-wibracyjna-csd","status":"publish","type":"product","link":"https:\/\/mdbouwmachines.be\/pl\/produkt\/wiazka-wibracyjna-csd\/","title":{"rendered":"WI\u0104ZKA WIBRACYJNA CSD"},"content":{"rendered":"","protected":false},"excerpt":{"rendered":"<ul>\n<li>\n<p>Moc: 1,2kW, 1,6 KM<\/p>\n<\/li>\n<li>\n<p>Specjalnie zaprojektowane, hartowane aluminiowe ostrze, kt\u00f3re zapewnia g\u0142adsze wyko\u0144czenie ni\u017c konwencjonalne jastrychy.<\/p>\n<\/li>\n<li>\n<p>Wytrzyma\u0142e gumowe wsporniki zmniejszaj\u0105ce poziom wibracji na uchwycie.<\/p>\n<\/li>\n<li>\n<p>Zaokr\u0105glone ko\u0144ce ostrza u\u0142atwiaj\u0105 omijanie przeszk\u00f3d<\/p>\n<\/li>\n<li>\n<p>Przechylna podstawa utrzymuje silnik z dala od betonu lub przeszk\u00f3d na ziemi<\/p>\n<\/li>\n<li>\n<p>Rama ochronna zmniejsza przypadkowe uszkodzenia silnika<\/p>\n<\/li>\n<li>\n<p>Sztywny, bezobs\u0142ugowy wa\u0142 nap\u0119dowy<\/p>\n<\/li>\n<li>\n<p>Zamkni\u0119ta obudowa odlewana chroni\u0105ca przed brudem, i rozpryskami wody, \u0142atwe pod\u0142\u0105czenie do silnika<\/p>\n<\/li>\n<li>\n<p>7 r\u00f3\u017cnych szeroko\u015bci roboczych: 4ft\/1. 2 m, 6 st\u00f3p\/1. 8 m, 8 st\u00f3p\/2. 4 m, 10 st\u00f3p\/3. 0 mln    <\/p>\n<\/li>\n<li>\n<p>\u0141atwo wymienne ostrza<\/p>\n<\/li>\n<li>\n<p>Waga: 12,9 kg<\/p>\n<\/li>\n<\/ul>\n","protected":false},"featured_media":9281,"template":"","meta":{"_acf_changed":false},"product_brand":[1131],"product_cat":[811],"product_tag":[],"class_list":{"0":"post-15113","1":"product","2":"type-product","3":"status-publish","4":"has-post-thumbnail","6":"product_brand-md-bouwmachines-pl","7":"product_cat-belki-wibracyjne","9":"first","10":"instock","11":"taxable","12":"shipping-taxable","13":"purchasable","14":"product-type-variable","15":"has-default-attributes"},"acf":[],"_links":{"self":[{"href":"https:\/\/mdbouwmachines.be\/pl\/wp-json\/wp\/v2\/product\/15113","targetHints":{"allow":["GET"]}}],"collection":[{"href":"https:\/\/mdbouwmachines.be\/pl\/wp-json\/wp\/v2\/product"}],"about":[{"href":"https:\/\/mdbouwmachines.be\/pl\/wp-json\/wp\/v2\/types\/product"}],"wp:featuredmedia":[{"embeddable":true,"href":"https:\/\/mdbouwmachines.be\/pl\/wp-json\/wp\/v2\/media\/9281"}],"wp:attachment":[{"href":"https:\/\/mdbouwmachines.be\/pl\/wp-json\/wp\/v2\/media?parent=15113"}],"wp:term":[{"taxonomy":"product_brand","embeddable":true,"href":"https:\/\/mdbouwmachines.be\/pl\/wp-json\/wp\/v2\/product_brand?post=15113"},{"taxonomy":"product_cat","embeddable":true,"href":"https:\/\/mdbouwmachines.be\/pl\/wp-json\/wp\/v2\/product_cat?post=15113"},{"taxonomy":"product_tag","embeddable":true,"href":"https:\/\/mdbouwmachines.be\/pl\/wp-json\/wp\/v2\/product_tag?post=15113"}],"curies":[{"name":"wp","href":"https:\/\/api.w.org\/{rel}","templated":true}]}}