{"id":15086,"date":"2025-01-24T09:54:32","date_gmt":"2025-01-24T08:54:32","guid":{"rendered":"https:\/\/mdbouwmachines.be\/product\/zorza-polarna-zeta\/"},"modified":"2025-06-23T13:06:24","modified_gmt":"2025-06-23T12:06:24","slug":"zorza-polarna-zeta","status":"publish","type":"product","link":"https:\/\/mdbouwmachines.be\/pl\/produkt\/zorza-polarna-zeta\/","title":{"rendered":"Zorza polarna ZETA"},"content":{"rendered":"","protected":false},"excerpt":{"rendered":"<ul>\n<li>\n<p>Maksymalna wysoko\u015b\u0107: 7 m<\/p>\n<\/li>\n<li>\n<p>Wysoce wytrzyma\u0142e, regulowane i uchylne na\u015bwietlacze LED o stopniu ochrony IP67 w obudowie z odlewanego ci\u015bnieniowo aluminium<\/p>\n<\/li>\n<li>\n<p>Lampy o \u017cywotno\u015bci 85000 h<\/p>\n<\/li>\n<li>\n<p>Maszt ze stali ocynkowanej z profilami zmniejszaj\u0105cymi tarcie<\/p>\n<\/li>\n<li>\n<p>Podnoszenie r\u0119czne<\/p>\n<\/li>\n<li>\n<p>Obr\u00f3t masztu o 359\u00b0 z blokad\u0105 bezpiecze\u0144stwa<\/p>\n<\/li>\n<li>\n<p>Odporno\u015b\u0107 na wiatr do 100 km\/h<\/p>\n<\/li>\n<li>\n<p>Punkty podnoszenia<\/p>\n<\/li>\n<li>\n<p>Kieszenie na wid\u0142y ze wszystkich stron<\/p>\n<\/li>\n<li>\n<p>Tramwaj<\/p>\n<\/li>\n<\/ul>\n","protected":false},"featured_media":9269,"template":"","meta":{"_acf_changed":false},"product_brand":[1211],"product_cat":[802],"product_tag":[],"class_list":{"0":"post-15086","1":"product","2":"type-product","3":"status-publish","4":"has-post-thumbnail","6":"product_brand-aurora-pl","7":"product_cat-oswietlenie-budowlane","8":"pa_vermogen-4x160-w-2800-m2-pl","9":"pa_vermogen-4x320-w-4300-m2-pl","10":"pa_vermogen-4x75-w-2000-m2-pl","12":"first","13":"instock","14":"taxable","15":"shipping-taxable","16":"purchasable","17":"product-type-variable","18":"has-default-attributes"},"acf":[],"_links":{"self":[{"href":"https:\/\/mdbouwmachines.be\/pl\/wp-json\/wp\/v2\/product\/15086","targetHints":{"allow":["GET"]}}],"collection":[{"href":"https:\/\/mdbouwmachines.be\/pl\/wp-json\/wp\/v2\/product"}],"about":[{"href":"https:\/\/mdbouwmachines.be\/pl\/wp-json\/wp\/v2\/types\/product"}],"wp:featuredmedia":[{"embeddable":true,"href":"https:\/\/mdbouwmachines.be\/pl\/wp-json\/wp\/v2\/media\/9269"}],"wp:attachment":[{"href":"https:\/\/mdbouwmachines.be\/pl\/wp-json\/wp\/v2\/media?parent=15086"}],"wp:term":[{"taxonomy":"product_brand","embeddable":true,"href":"https:\/\/mdbouwmachines.be\/pl\/wp-json\/wp\/v2\/product_brand?post=15086"},{"taxonomy":"product_cat","embeddable":true,"href":"https:\/\/mdbouwmachines.be\/pl\/wp-json\/wp\/v2\/product_cat?post=15086"},{"taxonomy":"product_tag","embeddable":true,"href":"https:\/\/mdbouwmachines.be\/pl\/wp-json\/wp\/v2\/product_tag?post=15086"}],"curies":[{"name":"wp","href":"https:\/\/api.w.org\/{rel}","templated":true}]}}