{"id":15061,"date":"2025-01-24T09:54:31","date_gmt":"2025-01-24T08:54:31","guid":{"rendered":"https:\/\/mdbouwmachines.be\/product\/zorza-polarna-lambda\/"},"modified":"2025-06-23T13:06:39","modified_gmt":"2025-06-23T12:06:39","slug":"zorza-polarna-lambda","status":"publish","type":"product","link":"https:\/\/mdbouwmachines.be\/pl\/produkt\/zorza-polarna-lambda\/","title":{"rendered":"Zorza polarna LAMBDA"},"content":{"rendered":"","protected":false},"excerpt":{"rendered":"<ul>\n<li>\n<p>Modele dost\u0119pne w 2 wysoko\u015bciach 5,5 m i 7 m<\/p>\n<\/li>\n<li>\n<p>Wysoce wytrzyma\u0142e, regulowane i uchylne na\u015bwietlacze LED o stopniu ochrony IP67 w obudowie z odlewanego ci\u015bnieniowo aluminium<\/p>\n<\/li>\n<li>\n<p>Lampy o \u017cywotno\u015bci 85000 h<\/p>\n<\/li>\n<li>\n<p>Maszt ze stali ocynkowanej z profilami zmniejszaj\u0105cymi tarcie<\/p>\n<\/li>\n<li>\n<p>Podnoszenie r\u0119czne<\/p>\n<\/li>\n<li>\n<p>Odporno\u015b\u0107 na wiatr do 80 km\/h<\/p>\n<\/li>\n<\/ul>\n","protected":false},"featured_media":9265,"template":"","meta":{"_acf_changed":false},"product_brand":[1211],"product_cat":[802],"product_tag":[],"class_list":{"0":"post-15061","1":"product","2":"type-product","3":"status-publish","4":"has-post-thumbnail","6":"product_brand-aurora-pl","7":"product_cat-oswietlenie-budowlane","8":"pa_vermogen-4x160-w-2400-m2-5-m-hoog-pl","9":"pa_vermogen-4x160-w-2800-m2-7-m-hoog-pl","10":"pa_vermogen-4x75-w-1500-m2-5-m-hoog-pl","11":"pa_vermogen-4x75-w-2000-m2-7-m-hoog-pl","13":"first","14":"instock","15":"taxable","16":"shipping-taxable","17":"purchasable","18":"product-type-variable","19":"has-default-attributes"},"acf":[],"_links":{"self":[{"href":"https:\/\/mdbouwmachines.be\/pl\/wp-json\/wp\/v2\/product\/15061","targetHints":{"allow":["GET"]}}],"collection":[{"href":"https:\/\/mdbouwmachines.be\/pl\/wp-json\/wp\/v2\/product"}],"about":[{"href":"https:\/\/mdbouwmachines.be\/pl\/wp-json\/wp\/v2\/types\/product"}],"wp:featuredmedia":[{"embeddable":true,"href":"https:\/\/mdbouwmachines.be\/pl\/wp-json\/wp\/v2\/media\/9265"}],"wp:attachment":[{"href":"https:\/\/mdbouwmachines.be\/pl\/wp-json\/wp\/v2\/media?parent=15061"}],"wp:term":[{"taxonomy":"product_brand","embeddable":true,"href":"https:\/\/mdbouwmachines.be\/pl\/wp-json\/wp\/v2\/product_brand?post=15061"},{"taxonomy":"product_cat","embeddable":true,"href":"https:\/\/mdbouwmachines.be\/pl\/wp-json\/wp\/v2\/product_cat?post=15061"},{"taxonomy":"product_tag","embeddable":true,"href":"https:\/\/mdbouwmachines.be\/pl\/wp-json\/wp\/v2\/product_tag?post=15061"}],"curies":[{"name":"wp","href":"https:\/\/api.w.org\/{rel}","templated":true}]}}