{"id":15058,"date":"2025-01-24T09:54:32","date_gmt":"2025-01-24T08:54:32","guid":{"rendered":"https:\/\/mdbouwmachines.be\/product\/zorza-polarna-sigma\/"},"modified":"2025-06-23T13:06:19","modified_gmt":"2025-06-23T12:06:19","slug":"zorza-polarna-sigma","status":"publish","type":"product","link":"https:\/\/mdbouwmachines.be\/pl\/produkt\/zorza-polarna-sigma\/","title":{"rendered":"Zorza polarna SIGMA"},"content":{"rendered":"","protected":false},"excerpt":{"rendered":"<ul>\n<li>\n<p>Maksymalna wysoko\u015b\u0107 modelu 5,5 m<\/p>\n<\/li>\n<li>\n<p>Wysoce wytrzyma\u0142e, regulowane i uchylne na\u015bwietlacze LED o stopniu ochrony IP67 w obudowie z odlewanego ci\u015bnieniowo aluminium<\/p>\n<\/li>\n<li>\n<p>Lampy o \u017cywotno\u015bci 85000 h<\/p>\n<\/li>\n<li>\n<p>Maszt ze stali ocynkowanej z profilami zmniejszaj\u0105cymi tarcie<\/p>\n<\/li>\n<li>\n<p>Podnoszenie r\u0119czne<\/p>\n<\/li>\n<li>\n<p>Odporno\u015b\u0107 na wiatr do 80 km\/h, obr\u00f3t masztu o 360\u00b0<\/p>\n<\/li>\n<li>\n<p>Stopa podporowa z 4 otworami monta\u017cowymi<\/p>\n<\/li>\n<\/ul>\n","protected":false},"featured_media":9273,"template":"","meta":{"_acf_changed":false},"product_brand":[1211],"product_cat":[802],"product_tag":[],"class_list":{"0":"post-15058","1":"product","2":"type-product","3":"status-publish","4":"has-post-thumbnail","6":"product_brand-aurora-pl","7":"product_cat-oswietlenie-budowlane","8":"pa_vermogen-4x160-w-2400-m2-pl","9":"pa_vermogen-4x75-w-1500-m2-pl","11":"first","12":"instock","13":"taxable","14":"shipping-taxable","15":"purchasable","16":"product-type-variable","17":"has-default-attributes"},"acf":[],"_links":{"self":[{"href":"https:\/\/mdbouwmachines.be\/pl\/wp-json\/wp\/v2\/product\/15058","targetHints":{"allow":["GET"]}}],"collection":[{"href":"https:\/\/mdbouwmachines.be\/pl\/wp-json\/wp\/v2\/product"}],"about":[{"href":"https:\/\/mdbouwmachines.be\/pl\/wp-json\/wp\/v2\/types\/product"}],"wp:featuredmedia":[{"embeddable":true,"href":"https:\/\/mdbouwmachines.be\/pl\/wp-json\/wp\/v2\/media\/9273"}],"wp:attachment":[{"href":"https:\/\/mdbouwmachines.be\/pl\/wp-json\/wp\/v2\/media?parent=15058"}],"wp:term":[{"taxonomy":"product_brand","embeddable":true,"href":"https:\/\/mdbouwmachines.be\/pl\/wp-json\/wp\/v2\/product_brand?post=15058"},{"taxonomy":"product_cat","embeddable":true,"href":"https:\/\/mdbouwmachines.be\/pl\/wp-json\/wp\/v2\/product_cat?post=15058"},{"taxonomy":"product_tag","embeddable":true,"href":"https:\/\/mdbouwmachines.be\/pl\/wp-json\/wp\/v2\/product_tag?post=15058"}],"curies":[{"name":"wp","href":"https:\/\/api.w.org\/{rel}","templated":true}]}}