{"id":15035,"date":"2025-01-24T09:54:12","date_gmt":"2025-01-24T08:54:12","guid":{"rendered":"https:\/\/mdbouwmachines.be\/product\/makita-ek76-4-suwowy\/"},"modified":"2025-01-24T09:54:12","modified_gmt":"2025-01-24T08:54:12","slug":"makita-ek76-4-suwowy","status":"publish","type":"product","link":"https:\/\/mdbouwmachines.be\/pl\/produkt\/makita-ek76-4-suwowy\/","title":{"rendered":"Makita EK76 4-suwowy"},"content":{"rendered":"","protected":false},"excerpt":{"rendered":"<ul>\n<li>\n<p><strong>Model podstawowy:<\/strong> EK7651H<\/p>\n<\/li>\n<li>\n<p><strong>Waga EPTA:<\/strong> 12,9 kg<\/p>\n<\/li>\n<li>\n<p><strong>Tarcza z otworem osi: <\/strong>20 mm<\/p>\n<\/li>\n<li>\n<p><strong>Pojemno\u015b\u0107 zbiornika paliwa<\/strong>: 1,1 l<\/p>\n<\/li>\n<li>\n<p><strong>Pojemno\u015b\u0107 skokowa:<\/strong> 75,6 cm\u00b3<\/p>\n<\/li>\n<li>\n<p><strong>Poziom ci\u015bnienia akustycznego LpA<\/strong>: 92,7 db(a)<\/p>\n<\/li>\n<li>\n<p><strong>Niepewno\u015b\u0107 pomiarowa K LpA:<\/strong> 2.5 db(a)<\/p>\n<\/li>\n<li>\n<p><strong>Platforma akumulatorowa: <\/strong>4-suwowa<\/p>\n<\/li>\n<li>\n<p><strong>Antywibracyjne:<\/strong> tak<\/p>\n<\/li>\n<li>\n<p><strong>Typ silnika:<\/strong> 4-suwowy<\/p>\n<\/li>\n<li>\n<p><strong>Moc:<\/strong> 3,3\/4,5 kW\/KM<\/p>\n<\/li>\n<li>\n<p><strong>Pr\u0119dko\u015b\u0107 bez obci\u0105\u017cenia:<\/strong> 9100 min-1<\/p>\n<\/li>\n<\/ul>\n","protected":false},"featured_media":9253,"template":"","meta":{"_acf_changed":false},"product_brand":[1207],"product_cat":[369],"product_tag":[],"class_list":{"0":"post-15035","1":"product","2":"type-product","3":"status-publish","4":"has-post-thumbnail","6":"product_brand-makita-pl","7":"product_cat-maszyny-reczne","9":"first","10":"instock","11":"taxable","12":"shipping-taxable","13":"purchasable","14":"product-type-simple"},"acf":[],"_links":{"self":[{"href":"https:\/\/mdbouwmachines.be\/pl\/wp-json\/wp\/v2\/product\/15035","targetHints":{"allow":["GET"]}}],"collection":[{"href":"https:\/\/mdbouwmachines.be\/pl\/wp-json\/wp\/v2\/product"}],"about":[{"href":"https:\/\/mdbouwmachines.be\/pl\/wp-json\/wp\/v2\/types\/product"}],"wp:featuredmedia":[{"embeddable":true,"href":"https:\/\/mdbouwmachines.be\/pl\/wp-json\/wp\/v2\/media\/9253"}],"wp:attachment":[{"href":"https:\/\/mdbouwmachines.be\/pl\/wp-json\/wp\/v2\/media?parent=15035"}],"wp:term":[{"taxonomy":"product_brand","embeddable":true,"href":"https:\/\/mdbouwmachines.be\/pl\/wp-json\/wp\/v2\/product_brand?post=15035"},{"taxonomy":"product_cat","embeddable":true,"href":"https:\/\/mdbouwmachines.be\/pl\/wp-json\/wp\/v2\/product_cat?post=15035"},{"taxonomy":"product_tag","embeddable":true,"href":"https:\/\/mdbouwmachines.be\/pl\/wp-json\/wp\/v2\/product_tag?post=15035"}],"curies":[{"name":"wp","href":"https:\/\/api.w.org\/{rel}","templated":true}]}}