{"id":15028,"date":"2025-01-24T09:54:02","date_gmt":"2025-01-24T08:54:02","guid":{"rendered":"https:\/\/mdbouwmachines.be\/product\/awangarda-18-km\/"},"modified":"2025-01-24T09:54:02","modified_gmt":"2025-01-24T08:54:02","slug":"awangarda-18-km","status":"publish","type":"product","link":"https:\/\/mdbouwmachines.be\/pl\/produkt\/awangarda-18-km\/","title":{"rendered":"Awangarda 18 KM"},"content":{"rendered":"","protected":false},"excerpt":{"rendered":"<ul>\n<li>\n<p><strong>Typ silnika<\/strong>: V-Twin, 4-suwowy, ch\u0142odzony powietrzem, OHV (g\u00f3rnozaworowy)<\/p>\n<\/li>\n<li>\n<p><strong>Numer modelu<\/strong>: 3564<\/p>\n<\/li>\n<li>\n<p><strong>Moc brutto* przy 3&#8217;600 obr.\/min<\/strong>: 13,4<\/p>\n<\/li>\n<li>\n<p><strong>Konie mechaniczne* przy 3&#8217;600 obr.\/min<\/strong>: 18.0<\/p>\n<\/li>\n<li>\n<p><strong>Pojemno\u015b\u0107 sze\u015bcienna (cc)<\/strong> : 570<\/p>\n<\/li>\n<li>\n<p><strong>Cylinder<\/strong>: Tuleja \u017celiwna<\/p>\n<\/li>\n<li>\n<p><strong>\u015arednica t\u0142oka (mm):<\/strong> 72,0<\/p>\n<\/li>\n<li>\n<p><strong>Skok (mm):<\/strong> 70,0<\/p>\n<\/li>\n<li>\n<p><strong>Pojemno\u015b\u0107 zbiornika paliwa (l):<\/strong> nie dotyczy<\/p>\n<\/li>\n<li>\n<p><strong>Pojemno\u015b\u0107 oleju (l):<\/strong> 1.7<\/p>\n<\/li>\n<li>\n<p><strong>Stopie\u0144 spr\u0119\u017cania<\/strong>: 8,2:1<\/p>\n<\/li>\n<li>\n<p><strong>Oczyszczacz powietrza<\/strong>: Niskoprofilowy oczyszczacz powietrza Dual-Clean\u2122<\/p>\n<\/li>\n<li>\n<p><strong>Uk\u0142ad zap\u0142onowy<\/strong>: Elektroniczny zap\u0142on mikrofalowy\u00ae<\/p>\n<\/li>\n<li>\n<p><strong>Uk\u0142ad smarowania<\/strong>: Smarowanie pod pe\u0142nym ci\u015bnieniem z filtrem oleju Spin-On<\/p>\n<\/li>\n<li>\n<p><strong>D\u0142ugo\u015b\u0107 (mm):<\/strong> 318<\/p>\n<\/li>\n<li>\n<p><strong>Szeroko\u015b\u0107 (mm):<\/strong> 410<\/p>\n<\/li>\n<li>\n<p><strong>Wysoko\u015b\u0107 (mm):<\/strong> 438<\/p>\n<\/li>\n<li>\n<p><strong>Sucha masa (kg):<\/strong> 33.6<\/p>\n<\/li>\n<\/ul>\n","protected":false},"featured_media":9241,"template":"","meta":{"_acf_changed":false},"product_brand":[1200],"product_cat":[807],"product_tag":[],"class_list":{"0":"post-15028","1":"product","2":"type-product","3":"status-publish","4":"has-post-thumbnail","6":"product_brand-vanguard-pl","7":"product_cat-silniki","9":"first","10":"instock","11":"taxable","12":"shipping-taxable","13":"purchasable","14":"product-type-simple"},"acf":[],"_links":{"self":[{"href":"https:\/\/mdbouwmachines.be\/pl\/wp-json\/wp\/v2\/product\/15028","targetHints":{"allow":["GET"]}}],"collection":[{"href":"https:\/\/mdbouwmachines.be\/pl\/wp-json\/wp\/v2\/product"}],"about":[{"href":"https:\/\/mdbouwmachines.be\/pl\/wp-json\/wp\/v2\/types\/product"}],"wp:featuredmedia":[{"embeddable":true,"href":"https:\/\/mdbouwmachines.be\/pl\/wp-json\/wp\/v2\/media\/9241"}],"wp:attachment":[{"href":"https:\/\/mdbouwmachines.be\/pl\/wp-json\/wp\/v2\/media?parent=15028"}],"wp:term":[{"taxonomy":"product_brand","embeddable":true,"href":"https:\/\/mdbouwmachines.be\/pl\/wp-json\/wp\/v2\/product_brand?post=15028"},{"taxonomy":"product_cat","embeddable":true,"href":"https:\/\/mdbouwmachines.be\/pl\/wp-json\/wp\/v2\/product_cat?post=15028"},{"taxonomy":"product_tag","embeddable":true,"href":"https:\/\/mdbouwmachines.be\/pl\/wp-json\/wp\/v2\/product_tag?post=15028"}],"curies":[{"name":"wp","href":"https:\/\/api.w.org\/{rel}","templated":true}]}}