{"id":15025,"date":"2025-01-24T09:54:05","date_gmt":"2025-01-24T08:54:05","guid":{"rendered":"https:\/\/mdbouwmachines.be\/product\/awangarda-23-km\/"},"modified":"2025-01-24T09:54:05","modified_gmt":"2025-01-24T08:54:05","slug":"awangarda-23-km","status":"publish","type":"product","link":"https:\/\/mdbouwmachines.be\/pl\/produkt\/awangarda-23-km\/","title":{"rendered":"Awangarda 23 KM"},"content":{"rendered":"","protected":false},"excerpt":{"rendered":"<ul>\n<li>\n<p><strong>Typ silnika<\/strong>: V-Twin, 4-suwowy, ch\u0142odzony powietrzem, OHV (g\u00f3rnozaworowy)<\/p>\n<\/li>\n<li>\n<p><strong>Numer modelu<\/strong>r: 3864<\/p>\n<\/li>\n<li>\n<p><strong>Moc brutto* przy 3&#8217;600 obr.\/min<\/strong>: 17,2<\/p>\n<\/li>\n<li>\n<p><strong>Konie mechaniczne brutto* przy 3&#8217;600 obr.\/min<\/strong>: 23.0<\/p>\n<\/li>\n<li>\n<p><strong>Pojemno\u015b\u0107 sze\u015bcienna (cc):<\/strong> 627<\/p>\n<\/li>\n<li>\n<p><strong>Cylinder<\/strong>: Tuleja \u017celiwna<\/p>\n<\/li>\n<li>\n<p><strong>\u015arednica otworu (mm):<\/strong> 75,5<\/p>\n<\/li>\n<li>\n<p><strong>Skok (mm):<\/strong> 70,0<\/p>\n<\/li>\n<li>\n<p><strong>Pojemno\u015b\u0107 zbiornika paliwa (l):<\/strong> N\/A<\/p>\n<\/li>\n<li>\n<p><strong>Pojemno\u015b\u0107 oleju (l):<\/strong> 1.7<\/p>\n<\/li>\n<li>\n<p><strong>Stopie\u0144 spr\u0119\u017cania<\/strong>: 8,4:1<\/p>\n<\/li>\n<li>\n<p><strong>Oczyszczacz powietrza<\/strong>: Niskoprofilowy oczyszczacz powietrza Dual-Clean\u2122<\/p>\n<\/li>\n<li>\n<p><strong>Uk\u0142ad zap\u0142onowy<\/strong>: Elektroniczny zap\u0142on mikrofalowy\u00ae<\/p>\n<\/li>\n<li>\n<p><strong>Uk\u0142ad smarowania<\/strong>: Smarowanie pod pe\u0142nym ci\u015bnieniem z filtrem oleju Spin-On<\/p>\n<\/li>\n<li>\n<p><strong>D\u0142ugo\u015b\u0107 (mm):<\/strong> 318<\/p>\n<\/li>\n<li>\n<p><strong>Szeroko\u015b\u0107 (mm):<\/strong> 407<\/p>\n<\/li>\n<li>\n<p><strong>Wysoko\u015b\u0107 (mm):<\/strong> 449<\/p>\n<\/li>\n<li>\n<p><strong>Sucha masa (kg):<\/strong> 35.0<\/p>\n<\/li>\n<\/ul>\n","protected":false},"featured_media":9245,"template":"","meta":{"_acf_changed":false},"product_brand":[1200],"product_cat":[807],"product_tag":[],"class_list":{"0":"post-15025","1":"product","2":"type-product","3":"status-publish","4":"has-post-thumbnail","6":"product_brand-vanguard-pl","7":"product_cat-silniki","9":"first","10":"instock","11":"taxable","12":"shipping-taxable","13":"purchasable","14":"product-type-simple"},"acf":[],"_links":{"self":[{"href":"https:\/\/mdbouwmachines.be\/pl\/wp-json\/wp\/v2\/product\/15025","targetHints":{"allow":["GET"]}}],"collection":[{"href":"https:\/\/mdbouwmachines.be\/pl\/wp-json\/wp\/v2\/product"}],"about":[{"href":"https:\/\/mdbouwmachines.be\/pl\/wp-json\/wp\/v2\/types\/product"}],"wp:featuredmedia":[{"embeddable":true,"href":"https:\/\/mdbouwmachines.be\/pl\/wp-json\/wp\/v2\/media\/9245"}],"wp:attachment":[{"href":"https:\/\/mdbouwmachines.be\/pl\/wp-json\/wp\/v2\/media?parent=15025"}],"wp:term":[{"taxonomy":"product_brand","embeddable":true,"href":"https:\/\/mdbouwmachines.be\/pl\/wp-json\/wp\/v2\/product_brand?post=15025"},{"taxonomy":"product_cat","embeddable":true,"href":"https:\/\/mdbouwmachines.be\/pl\/wp-json\/wp\/v2\/product_cat?post=15025"},{"taxonomy":"product_tag","embeddable":true,"href":"https:\/\/mdbouwmachines.be\/pl\/wp-json\/wp\/v2\/product_tag?post=15025"}],"curies":[{"name":"wp","href":"https:\/\/api.w.org\/{rel}","templated":true}]}}