{"id":15001,"date":"2025-01-24T09:53:46","date_gmt":"2025-01-24T09:53:46","guid":{"rendered":"https:\/\/mdbouwmachines.be\/product\/pret-kontrolny\/"},"modified":"2025-01-24T09:53:46","modified_gmt":"2025-01-24T08:53:46","slug":"pret-kontrolny","status":"publish","type":"product","link":"https:\/\/mdbouwmachines.be\/pl\/produkt\/pret-kontrolny\/","title":{"rendered":"Pr\u0119t kontrolny"},"content":{"rendered":"","protected":false},"excerpt":{"rendered":"<ul>\n<li>\n<p>Redukuje nier\u00f3wno\u015bci i wype\u0142nia niskie obszary, gdy jest nadal plastyczny  <\/p>\n<\/li>\n<li>\n<p>Lekka wyt\u0142aczana aluminiowa konstrukcja zapewnia ogromn\u0105 sztywno\u015b\u0107  <\/p>\n<\/li>\n<li>\n<p>W komplecie z regulacj\u0105 nachylenia nap\u0119du \u015blimakowego (Knucklehead), zestawem wysi\u0119gnik\u00f3w i trzema wysuwanymi uchwytami zatrzaskowymi (1,8 m ka\u017cdy)<\/p>\n<\/li>\n<\/ul>\n","protected":false},"featured_media":9193,"template":"","meta":{"_acf_changed":false},"product_brand":[1131],"product_cat":[497],"product_tag":[],"class_list":{"0":"post-15001","1":"product","2":"type-product","3":"status-publish","4":"has-post-thumbnail","6":"product_brand-md-bouwmachines-pl","7":"product_cat-narzedzia-reczne-i-narzedzia","8":"product_shipping_class-dodatkowy","10":"first","11":"instock","12":"taxable","13":"shipping-taxable","14":"purchasable","15":"product-type-variable","16":"has-default-attributes"},"acf":[],"_links":{"self":[{"href":"https:\/\/mdbouwmachines.be\/pl\/wp-json\/wp\/v2\/product\/15001","targetHints":{"allow":["GET"]}}],"collection":[{"href":"https:\/\/mdbouwmachines.be\/pl\/wp-json\/wp\/v2\/product"}],"about":[{"href":"https:\/\/mdbouwmachines.be\/pl\/wp-json\/wp\/v2\/types\/product"}],"wp:featuredmedia":[{"embeddable":true,"href":"https:\/\/mdbouwmachines.be\/pl\/wp-json\/wp\/v2\/media\/9193"}],"wp:attachment":[{"href":"https:\/\/mdbouwmachines.be\/pl\/wp-json\/wp\/v2\/media?parent=15001"}],"wp:term":[{"taxonomy":"product_brand","embeddable":true,"href":"https:\/\/mdbouwmachines.be\/pl\/wp-json\/wp\/v2\/product_brand?post=15001"},{"taxonomy":"product_cat","embeddable":true,"href":"https:\/\/mdbouwmachines.be\/pl\/wp-json\/wp\/v2\/product_cat?post=15001"},{"taxonomy":"product_tag","embeddable":true,"href":"https:\/\/mdbouwmachines.be\/pl\/wp-json\/wp\/v2\/product_tag?post=15001"}],"curies":[{"name":"wp","href":"https:\/\/api.w.org\/{rel}","templated":true}]}}