{"id":14990,"date":"2025-01-24T09:53:46","date_gmt":"2025-01-24T09:53:46","guid":{"rendered":"https:\/\/mdbouwmachines.be\/product\/mata-kokosowa-srednica-60-75-90-120\/"},"modified":"2025-01-24T09:53:46","modified_gmt":"2025-01-24T08:53:46","slug":"mata-kokosowa-srednica-60-75-90-120","status":"publish","type":"product","link":"https:\/\/mdbouwmachines.be\/pl\/produkt\/mata-kokosowa-srednica-60-75-90-120\/","title":{"rendered":"Mata kokosowa \u015brednica 60\/75\/90\/120"},"content":{"rendered":"","protected":false},"excerpt":{"rendered":"<p>Maty kokosowe, kt\u00f3re przykleja si\u0119 do dysku przed prac\u0105, aby wetrze\u0107 wosk w pod\u0142og\u0119, aby uzyska\u0107 b\u0142yszcz\u0105ce wyko\u0144czenie. Dost\u0119pne \u015brednice 60\/75\/90\/120 <\/p>\n","protected":false},"featured_media":9525,"template":"","meta":{"_acf_changed":false},"product_brand":[1131],"product_cat":[525],"product_tag":[],"class_list":{"0":"post-14990","1":"product","2":"type-product","3":"status-publish","4":"has-post-thumbnail","6":"product_brand-md-bouwmachines-pl","7":"product_cat-materialy-eksploatacyjne","9":"first","10":"instock","11":"taxable","12":"shipping-taxable","13":"purchasable","14":"product-type-variable","15":"has-default-attributes"},"acf":[],"_links":{"self":[{"href":"https:\/\/mdbouwmachines.be\/pl\/wp-json\/wp\/v2\/product\/14990","targetHints":{"allow":["GET"]}}],"collection":[{"href":"https:\/\/mdbouwmachines.be\/pl\/wp-json\/wp\/v2\/product"}],"about":[{"href":"https:\/\/mdbouwmachines.be\/pl\/wp-json\/wp\/v2\/types\/product"}],"wp:featuredmedia":[{"embeddable":true,"href":"https:\/\/mdbouwmachines.be\/pl\/wp-json\/wp\/v2\/media\/9525"}],"wp:attachment":[{"href":"https:\/\/mdbouwmachines.be\/pl\/wp-json\/wp\/v2\/media?parent=14990"}],"wp:term":[{"taxonomy":"product_brand","embeddable":true,"href":"https:\/\/mdbouwmachines.be\/pl\/wp-json\/wp\/v2\/product_brand?post=14990"},{"taxonomy":"product_cat","embeddable":true,"href":"https:\/\/mdbouwmachines.be\/pl\/wp-json\/wp\/v2\/product_cat?post=14990"},{"taxonomy":"product_tag","embeddable":true,"href":"https:\/\/mdbouwmachines.be\/pl\/wp-json\/wp\/v2\/product_tag?post=14990"}],"curies":[{"name":"wp","href":"https:\/\/api.w.org\/{rel}","templated":true}]}}