{"id":14987,"date":"2025-01-24T09:53:46","date_gmt":"2025-01-24T08:53:46","guid":{"rendered":"https:\/\/mdbouwmachines.be\/product\/euro-vibro\/"},"modified":"2025-01-24T09:53:46","modified_gmt":"2025-01-24T08:53:46","slug":"euro-vibro","status":"publish","type":"product","link":"https:\/\/mdbouwmachines.be\/pl\/produkt\/euro-vibro\/","title":{"rendered":"Euro-Vibro"},"content":{"rendered":"","protected":false},"excerpt":{"rendered":"<ul>\n<li>\n<p>APLIKACJI<\/p>\n<\/li>\n<li>\n<p>Do zag\u0119szczarek, fundament\u00f3w, schod\u00f3w i chodnik\u00f3w.  <\/p>\n<\/li>\n<li>\n<p>PRZENO\u015aNA MOC  <\/p>\n<\/li>\n<li>\n<p>Euro-Vibro oferuje rozwi\u0105zanie do wibrowania betonu za pomoc\u0105 \u0142atwej w obs\u0142udze przeno\u015bnej jednostki. Nie jest wymagany zasilacz ani oddzielne jednostki nap\u0119dowe. Czterosuwowy silnik Hondy zapewnia bezawaryjn\u0105 prac\u0119, a w por\u00f3wnaniu z silnikiem dwusuwowym zu\u017cywa mniej paliwa, ma mniejsz\u0105 emisj\u0119 spalin i nie wymaga mieszanki paliwa.    <\/p>\n<\/li>\n<li>\n<p>LEKKI  <\/p>\n<\/li>\n<li>\n<p>Urz\u0105dzenie jest lekkie i wywa\u017cone, a tak\u017ce wyposa\u017cone w regulowan\u0105 r\u0105czk\u0119 i pasek do przenoszenia, co zapewnia wygod\u0119 u\u017cytkowania i pe\u0142n\u0105 kontrol\u0119.  <\/p>\n<\/li>\n<li>\n<p>\u0141ATWO\u015a\u0106 U\u017bYCIA<\/p>\n<\/li>\n<li>\n<p>  Por\u0119czny w\u0142\u0105cznik\/wy\u0142\u0105cznik i przepustnica wbudowane w uchwyt.<\/p>\n<\/li>\n<\/ul>\n","protected":false},"featured_media":9197,"template":"","meta":{"_acf_changed":false},"product_brand":[1138],"product_cat":[815],"product_tag":[],"class_list":{"0":"post-14987","1":"product","2":"type-product","3":"status-publish","4":"has-post-thumbnail","6":"product_brand-btc-pl","7":"product_cat-igly-wibracyjne-przemienniki","9":"first","10":"instock","11":"taxable","12":"shipping-taxable","13":"purchasable","14":"product-type-simple"},"acf":[],"_links":{"self":[{"href":"https:\/\/mdbouwmachines.be\/pl\/wp-json\/wp\/v2\/product\/14987","targetHints":{"allow":["GET"]}}],"collection":[{"href":"https:\/\/mdbouwmachines.be\/pl\/wp-json\/wp\/v2\/product"}],"about":[{"href":"https:\/\/mdbouwmachines.be\/pl\/wp-json\/wp\/v2\/types\/product"}],"wp:featuredmedia":[{"embeddable":true,"href":"https:\/\/mdbouwmachines.be\/pl\/wp-json\/wp\/v2\/media\/9197"}],"wp:attachment":[{"href":"https:\/\/mdbouwmachines.be\/pl\/wp-json\/wp\/v2\/media?parent=14987"}],"wp:term":[{"taxonomy":"product_brand","embeddable":true,"href":"https:\/\/mdbouwmachines.be\/pl\/wp-json\/wp\/v2\/product_brand?post=14987"},{"taxonomy":"product_cat","embeddable":true,"href":"https:\/\/mdbouwmachines.be\/pl\/wp-json\/wp\/v2\/product_cat?post=14987"},{"taxonomy":"product_tag","embeddable":true,"href":"https:\/\/mdbouwmachines.be\/pl\/wp-json\/wp\/v2\/product_tag?post=14987"}],"curies":[{"name":"wp","href":"https:\/\/api.w.org\/{rel}","templated":true}]}}