{"id":14970,"date":"2025-01-24T09:53:45","date_gmt":"2025-01-24T08:53:45","guid":{"rendered":"https:\/\/mdbouwmachines.be\/product\/plac-z-teksasu\/"},"modified":"2025-01-24T09:53:45","modified_gmt":"2025-01-24T08:53:45","slug":"plac-z-teksasu","status":"publish","type":"product","link":"https:\/\/mdbouwmachines.be\/pl\/produkt\/plac-z-teksasu\/","title":{"rendered":"Plac z Teksasu"},"content":{"rendered":"","protected":false},"excerpt":{"rendered":"<ul>\n<li>\n<p>Por\u0119czne narz\u0119dzie na placu budowy do pchania i ci\u0105gni\u0119cia betonu tam, gdzie jest potrzebny  <\/p>\n<\/li>\n<li>\n<p>Podk\u0142adka, kt\u00f3ra u\u0142atwia przeci\u0105ganie betonu podczas wylewania p\u0142yt.  <\/p>\n<\/li>\n<li>\n<p>Dostarczany z uchwytem 1,5 m<\/p>\n<\/li>\n<\/ul>\n","protected":false},"featured_media":9181,"template":"","meta":{"_acf_changed":false},"product_brand":[1131],"product_cat":[497],"product_tag":[],"class_list":{"0":"post-14970","1":"product","2":"type-product","3":"status-publish","4":"has-post-thumbnail","6":"product_brand-md-bouwmachines-pl","7":"product_cat-narzedzia-reczne-i-narzedzia","9":"first","10":"instock","11":"taxable","12":"shipping-taxable","13":"purchasable","14":"product-type-simple"},"acf":[],"_links":{"self":[{"href":"https:\/\/mdbouwmachines.be\/pl\/wp-json\/wp\/v2\/product\/14970","targetHints":{"allow":["GET"]}}],"collection":[{"href":"https:\/\/mdbouwmachines.be\/pl\/wp-json\/wp\/v2\/product"}],"about":[{"href":"https:\/\/mdbouwmachines.be\/pl\/wp-json\/wp\/v2\/types\/product"}],"wp:featuredmedia":[{"embeddable":true,"href":"https:\/\/mdbouwmachines.be\/pl\/wp-json\/wp\/v2\/media\/9181"}],"wp:attachment":[{"href":"https:\/\/mdbouwmachines.be\/pl\/wp-json\/wp\/v2\/media?parent=14970"}],"wp:term":[{"taxonomy":"product_brand","embeddable":true,"href":"https:\/\/mdbouwmachines.be\/pl\/wp-json\/wp\/v2\/product_brand?post=14970"},{"taxonomy":"product_cat","embeddable":true,"href":"https:\/\/mdbouwmachines.be\/pl\/wp-json\/wp\/v2\/product_cat?post=14970"},{"taxonomy":"product_tag","embeddable":true,"href":"https:\/\/mdbouwmachines.be\/pl\/wp-json\/wp\/v2\/product_tag?post=14970"}],"curies":[{"name":"wp","href":"https:\/\/api.w.org\/{rel}","templated":true}]}}