{"id":14948,"date":"2025-01-24T09:53:45","date_gmt":"2025-01-24T09:53:45","guid":{"rendered":"https:\/\/mdbouwmachines.be\/product\/promien-plywaka-kanalu\/"},"modified":"2025-01-24T09:53:45","modified_gmt":"2025-01-24T08:53:45","slug":"promien-plywaka-kanalu","status":"publish","type":"product","link":"https:\/\/mdbouwmachines.be\/pl\/produkt\/promien-plywaka-kanalu\/","title":{"rendered":"Promie\u0144 p\u0142ywaka kana\u0142u"},"content":{"rendered":"","protected":false},"excerpt":{"rendered":"<ul>\n<li>\n<p>Znacznie sztywniejszy ni\u017c tradycyjny sp\u0142awik byka  <\/p>\n<\/li>\n<li>\n<p>Idealne narz\u0119dzie do przechodzenia przez bezpo\u015brednio po wylewce.  <\/p>\n<\/li>\n<li>\n<p>Zapewnia lepsz\u0105 p\u0142asko\u015b\u0107 i tolerancj\u0119 od samego pocz\u0105tku  <\/p>\n<\/li>\n<li>\n<p>Sk\u0142ada si\u0119 z zaokr\u0105glonego ko\u0144ca do p\u0142ywania i ostrego grzbietu do ci\u0119cia  <\/p>\n<\/li>\n<li>\n<p>W komplecie z regulacj\u0105 nachylenia nap\u0119du \u015blimakowego (Knucklehead), zestawem wysi\u0119gnik\u00f3w i trzema wysuwanymi uchwytami zatrzaskowymi (1,8 m ka\u017cdy)<\/p>\n<\/li>\n<\/ul>\n","protected":false},"featured_media":9189,"template":"","meta":{"_acf_changed":false},"product_brand":[1131],"product_cat":[497],"product_tag":[],"class_list":{"0":"post-14948","1":"product","2":"type-product","3":"status-publish","4":"has-post-thumbnail","6":"product_brand-md-bouwmachines-pl","7":"product_cat-narzedzia-reczne-i-narzedzia","8":"product_shipping_class-dodatkowy","10":"first","11":"instock","12":"taxable","13":"shipping-taxable","14":"purchasable","15":"product-type-variable","16":"has-default-attributes"},"acf":[],"_links":{"self":[{"href":"https:\/\/mdbouwmachines.be\/pl\/wp-json\/wp\/v2\/product\/14948","targetHints":{"allow":["GET"]}}],"collection":[{"href":"https:\/\/mdbouwmachines.be\/pl\/wp-json\/wp\/v2\/product"}],"about":[{"href":"https:\/\/mdbouwmachines.be\/pl\/wp-json\/wp\/v2\/types\/product"}],"wp:featuredmedia":[{"embeddable":true,"href":"https:\/\/mdbouwmachines.be\/pl\/wp-json\/wp\/v2\/media\/9189"}],"wp:attachment":[{"href":"https:\/\/mdbouwmachines.be\/pl\/wp-json\/wp\/v2\/media?parent=14948"}],"wp:term":[{"taxonomy":"product_brand","embeddable":true,"href":"https:\/\/mdbouwmachines.be\/pl\/wp-json\/wp\/v2\/product_brand?post=14948"},{"taxonomy":"product_cat","embeddable":true,"href":"https:\/\/mdbouwmachines.be\/pl\/wp-json\/wp\/v2\/product_cat?post=14948"},{"taxonomy":"product_tag","embeddable":true,"href":"https:\/\/mdbouwmachines.be\/pl\/wp-json\/wp\/v2\/product_tag?post=14948"}],"curies":[{"name":"wp","href":"https:\/\/api.w.org\/{rel}","templated":true}]}}