{"id":14930,"date":"2025-01-24T10:53:44","date_gmt":"2025-01-24T09:53:44","guid":{"rendered":"https:\/\/mdbouwmachines.be\/product\/szyna-aluminiowa-dzwignie-1-m\/"},"modified":"2025-11-24T13:11:46","modified_gmt":"2025-11-24T12:11:46","slug":"szyna-aluminiowa-dzwignie-1-m","status":"publish","type":"product","link":"https:\/\/mdbouwmachines.be\/pl\/produkt\/szyna-aluminiowa-dzwignie-1-m\/","title":{"rendered":"Szyna aluminiowa + d\u017awignie 1 m"},"content":{"rendered":"","protected":false},"excerpt":{"rendered":"<p>  Lekka aluminiowa dr\u0105\u017cka do odci\u0105gania z podw\u00f3jnym uchwytem dla \u0142atwego wyg\u0142adzania.<\/p>\n","protected":false},"featured_media":9177,"template":"","meta":{"_acf_changed":false},"product_brand":[1131],"product_cat":[497],"product_tag":[],"class_list":{"0":"post-14930","1":"product","2":"type-product","3":"status-publish","4":"has-post-thumbnail","6":"product_brand-md-bouwmachines-pl","7":"product_cat-narzedzia-reczne-i-narzedzia","8":"product_shipping_class-dodatkowy","10":"first","11":"instock","12":"taxable","13":"shipping-taxable","14":"purchasable","15":"product-type-variable","16":"has-default-attributes"},"acf":[],"_links":{"self":[{"href":"https:\/\/mdbouwmachines.be\/pl\/wp-json\/wp\/v2\/product\/14930","targetHints":{"allow":["GET"]}}],"collection":[{"href":"https:\/\/mdbouwmachines.be\/pl\/wp-json\/wp\/v2\/product"}],"about":[{"href":"https:\/\/mdbouwmachines.be\/pl\/wp-json\/wp\/v2\/types\/product"}],"wp:featuredmedia":[{"embeddable":true,"href":"https:\/\/mdbouwmachines.be\/pl\/wp-json\/wp\/v2\/media\/9177"}],"wp:attachment":[{"href":"https:\/\/mdbouwmachines.be\/pl\/wp-json\/wp\/v2\/media?parent=14930"}],"wp:term":[{"taxonomy":"product_brand","embeddable":true,"href":"https:\/\/mdbouwmachines.be\/pl\/wp-json\/wp\/v2\/product_brand?post=14930"},{"taxonomy":"product_cat","embeddable":true,"href":"https:\/\/mdbouwmachines.be\/pl\/wp-json\/wp\/v2\/product_cat?post=14930"},{"taxonomy":"product_tag","embeddable":true,"href":"https:\/\/mdbouwmachines.be\/pl\/wp-json\/wp\/v2\/product_tag?post=14930"}],"curies":[{"name":"wp","href":"https:\/\/api.w.org\/{rel}","templated":true}]}}