{"id":14929,"date":"2025-01-24T09:53:44","date_gmt":"2025-01-24T08:53:44","guid":{"rendered":"https:\/\/mdbouwmachines.be\/product\/system-tnacy-dcg-l-26-6-230-zestaw\/"},"modified":"2025-01-24T09:53:44","modified_gmt":"2025-01-24T08:53:44","slug":"system-tnacy-dcg-l-26-6-230-zestaw","status":"publish","type":"product","link":"https:\/\/mdbouwmachines.be\/pl\/produkt\/system-tnacy-dcg-l-26-6-230-zestaw\/","title":{"rendered":"System tn\u0105cy DCG L 26-6 230 zestaw"},"content":{"rendered":"","protected":false},"excerpt":{"rendered":"<ul>\n<li>\n<p>Gotowa do pracy od razu, szlifierka k\u0105towa w komplecie z okapem kuchennym w baga\u017cniku. W komplecie Diamantjet \u2013 diamentowa tarcza tn\u0105ca do betonu standard 230 mm <\/p>\n<\/li>\n<li>\n<p>Wydajna szlifierka k\u0105towa L 26-6 230 z \u0142agodnym rozruchem, zabezpieczeniem przed ponownym uruchomieniem w przypadku przerwy w zasilaniu, zabezpieczeniem przed przeci\u0105\u017ceniem, elektronik\u0105 CDC zapewniaj\u0105c\u0105 sta\u0142\u0105 pr\u0119dko\u015b\u0107, funkcj\u0105 zapobiegaj\u0105c\u0105 odrzutowi<\/p>\n<\/li>\n<li>\n<p>W pe\u0142ni os\u0142oni\u0119ta os\u0142ona zapewniaj\u0105ca skuteczne odsysanie py\u0142u<\/p>\n<\/li>\n<li>\n<p>Bezpo\u015brednie po\u0142\u0105czenie z systemem Flex Clip<\/p>\n<\/li>\n<li>\n<p>Niezwykle stabilna konstrukcja. Brak skr\u0119cania ze wzgl\u0119du na boczny ci\u0119\u017car szlifierki k\u0105towej dzi\u0119ki stabilizatorowi <\/p>\n<\/li>\n<li>\n<p>P\u0142yta podstawy z k\u00f3\u0142kami u\u0142atwiaj\u0105cymi prac\u0119 do przodu. Mo\u017ce by\u0107 u\u017cywany z\/bez wspornika prowadz\u0105cego <\/p>\n<\/li>\n<li>\n<p>Ogranicznik g\u0142\u0119boko\u015bci ze skal\u0105 do wst\u0119pnego ustawiania g\u0142\u0119boko\u015bci ci\u0119cia i indywidualnych ci\u0119\u0107 (ci\u0119cie wg\u0142\u0119bne) z szyn\u0105 prowadz\u0105c\u0105 lub bez (maks. 55 mm z, 60 mm bez szyny)<\/p>\n<\/li>\n<li>\n<p>Uchwyt boczny do monta\u017cu prawego\/lewego<\/p>\n<\/li>\n<li>\n<p>Walizka z kieszeniem na drobne cz\u0119\u015bci, schowkiem na diamentow\u0105 tarcz\u0119 szlifiersk\u0105, uchwytem bocznym i prowadnic\u0105 800 mm<\/p>\n<\/li>\n<\/ul>\n","protected":false},"featured_media":9173,"template":"","meta":{"_acf_changed":false},"product_brand":[1171],"product_cat":[369],"product_tag":[],"class_list":{"0":"post-14929","1":"product","2":"type-product","3":"status-publish","4":"has-post-thumbnail","6":"product_brand-flex-pl","7":"product_cat-maszyny-reczne","9":"first","10":"instock","11":"taxable","12":"shipping-taxable","13":"purchasable","14":"product-type-simple"},"acf":[],"_links":{"self":[{"href":"https:\/\/mdbouwmachines.be\/pl\/wp-json\/wp\/v2\/product\/14929","targetHints":{"allow":["GET"]}}],"collection":[{"href":"https:\/\/mdbouwmachines.be\/pl\/wp-json\/wp\/v2\/product"}],"about":[{"href":"https:\/\/mdbouwmachines.be\/pl\/wp-json\/wp\/v2\/types\/product"}],"wp:featuredmedia":[{"embeddable":true,"href":"https:\/\/mdbouwmachines.be\/pl\/wp-json\/wp\/v2\/media\/9173"}],"wp:attachment":[{"href":"https:\/\/mdbouwmachines.be\/pl\/wp-json\/wp\/v2\/media?parent=14929"}],"wp:term":[{"taxonomy":"product_brand","embeddable":true,"href":"https:\/\/mdbouwmachines.be\/pl\/wp-json\/wp\/v2\/product_brand?post=14929"},{"taxonomy":"product_cat","embeddable":true,"href":"https:\/\/mdbouwmachines.be\/pl\/wp-json\/wp\/v2\/product_cat?post=14929"},{"taxonomy":"product_tag","embeddable":true,"href":"https:\/\/mdbouwmachines.be\/pl\/wp-json\/wp\/v2\/product_tag?post=14929"}],"curies":[{"name":"wp","href":"https:\/\/api.w.org\/{rel}","templated":true}]}}