{"id":14901,"date":"2025-01-24T10:53:43","date_gmt":"2025-01-24T09:53:43","guid":{"rendered":"https:\/\/mdbouwmachines.be\/product\/wylewka-rolkowa-wildcat-35-50-100\/"},"modified":"2025-06-23T12:33:38","modified_gmt":"2025-06-23T11:33:38","slug":"wylewka-rolkowa-wildcat-35-50-100","status":"publish","type":"product","link":"https:\/\/mdbouwmachines.be\/pl\/produkt\/wylewka-rolkowa-wildcat-35-50-100\/","title":{"rendered":"Wylewka rolkowa Wildcat 35\/100"},"content":{"rendered":"","protected":false},"excerpt":{"rendered":"<p>Multivibe oferuje wi\u0119kszy wyb\u00f3r jastrych\u00f3w ni\u017c inne firmy, z dwoma s\u0142upkami nap\u0119dzanymi przez Hond\u0119 i jedn\u0105 wersj\u0105 elektryczn\u0105. Wszystkie sto\u0142y nap\u0119dzane przez Hond\u0119 obracaj\u0105 si\u0119 maksymalnie z pr\u0119dko\u015bci\u0105 300 obr.\/min. Wybierz najlepsz\u0105 opcj\u0119 dla swojej aplikacji. Rury rolkowe do maszyn wykonane s\u0105 ze stali w\u0119glowej, a nie z aluminium. Jastrychy musz\u0105 mie\u0107 podpory szynowe na obu ko\u0144cach, aby dzia\u0142a\u0142y i pozostawa\u0142y na poziomie. Stosuje si\u0119 je w zwyk\u0142ym i mog\u0105 by\u0107 r\u00f3wnie\u017c stosowane w przepuszczalnym. S\u0105 to naj\u0142atwiejsze w u\u017cyciu jastrychy \u2013 nawet sprzedawca mo\u017ce to zrobi\u0107.      <\/p>\n<p>WC35 jest dost\u0119pny dla d\u0142ugo\u015bci 0-6 m.<br \/>WC100 jest dost\u0119pny dla d\u0142ugo\u015bci 6m+<\/p>\n<p>Obie opcje sk\u0142adaj\u0105 si\u0119 z = 1 x uchwyt ko\u0144cowy z silnikiem, 1 x uchwyt ko\u0144cowy + obci\u0105\u017cnik konferansjera, 2 x wtyczka ko\u0144cowa do w\u0142o\u017cenia do rury.<br \/>Rurki s\u0105 w dziennej cenie \u017celaza (+- oko\u0142o 250-300 euro za d\u0142ugo\u015b\u0107 6 metr\u00f3w!)<\/p>\n","protected":false},"featured_media":9149,"template":"","meta":{"_acf_changed":false},"product_brand":[1167],"product_cat":[811],"product_tag":[],"class_list":{"0":"post-14901","1":"product","2":"type-product","3":"status-publish","4":"has-post-thumbnail","6":"product_brand-multivibe-pl","7":"product_cat-belki-wibracyjne","9":"first","10":"instock","11":"taxable","12":"shipping-taxable","13":"purchasable","14":"product-type-variable","15":"has-default-attributes"},"acf":[],"_links":{"self":[{"href":"https:\/\/mdbouwmachines.be\/pl\/wp-json\/wp\/v2\/product\/14901","targetHints":{"allow":["GET"]}}],"collection":[{"href":"https:\/\/mdbouwmachines.be\/pl\/wp-json\/wp\/v2\/product"}],"about":[{"href":"https:\/\/mdbouwmachines.be\/pl\/wp-json\/wp\/v2\/types\/product"}],"wp:featuredmedia":[{"embeddable":true,"href":"https:\/\/mdbouwmachines.be\/pl\/wp-json\/wp\/v2\/media\/9149"}],"wp:attachment":[{"href":"https:\/\/mdbouwmachines.be\/pl\/wp-json\/wp\/v2\/media?parent=14901"}],"wp:term":[{"taxonomy":"product_brand","embeddable":true,"href":"https:\/\/mdbouwmachines.be\/pl\/wp-json\/wp\/v2\/product_brand?post=14901"},{"taxonomy":"product_cat","embeddable":true,"href":"https:\/\/mdbouwmachines.be\/pl\/wp-json\/wp\/v2\/product_cat?post=14901"},{"taxonomy":"product_tag","embeddable":true,"href":"https:\/\/mdbouwmachines.be\/pl\/wp-json\/wp\/v2\/product_tag?post=14901"}],"curies":[{"name":"wp","href":"https:\/\/api.w.org\/{rel}","templated":true}]}}