{"id":14895,"date":"2025-01-24T09:53:43","date_gmt":"2025-01-24T08:53:43","guid":{"rendered":"https:\/\/mdbouwmachines.be\/product\/koszyk-rozproszony-btc\/"},"modified":"2025-01-24T09:53:43","modified_gmt":"2025-01-24T08:53:43","slug":"koszyk-rozproszony-btc","status":"publish","type":"product","link":"https:\/\/mdbouwmachines.be\/pl\/produkt\/koszyk-rozproszony-btc\/","title":{"rendered":"Koszyk rozproszony BTC"},"content":{"rendered":"","protected":false},"excerpt":{"rendered":"<ul>\n<li>\n<p>Pojemno\u015b\u0107 zbiornika do 100 kg materia\u0142u posypuj\u0105cego  <\/p>\n<\/li>\n<li>\n<p>Zakres roz\u0142adunku od 1 do 6 kg na metr kwadratowy  <\/p>\n<\/li>\n<li>\n<p>Osie k\u00f3\u0142 po\u0142\u0105czone z wewn\u0119trznymi \u0142opatkami zbiornika  <\/p>\n<\/li>\n<li>\n<p>Niezale\u017cne ko\u0142a, umo\u017cliwiaj\u0105ce \u0142atwe skr\u0119canie w ciasnych przestrzeniach  <\/p>\n<\/li>\n<li>\n<p>Ekologiczna konstrukcja, umo\u017cliwiaj\u0105ca odprowadzanie materia\u0142u bezpo\u015brednio z poziomu pod\u0142ogi  <\/p>\n<\/li>\n<li>\n<p>Rozprowadza materia\u0142 o jednolitej grubo\u015bci na ca\u0142ej powierzchni pod\u0142ogi  <\/p>\n<\/li>\n<li>\n<p>Opu\u015b\u0107 uchwyt w d\u00f3\u0142 i sta\u0144 do za\u0142adunku materia\u0142u, przechowywania i \u0142atwego transportu  <\/p>\n<\/li>\n<li>\n<p>Dost\u0119pne w wersjach z 2 i 3 ko\u0142ami<\/p>\n<\/li>\n<\/ul>\n","protected":false},"featured_media":9153,"template":"","meta":{"_acf_changed":false},"product_brand":[1138],"product_cat":[421],"product_tag":[],"class_list":{"0":"post-14895","1":"product","2":"type-product","3":"status-publish","4":"has-post-thumbnail","6":"product_brand-btc-pl","7":"product_cat-rozszerzacz","9":"first","10":"instock","11":"taxable","12":"shipping-taxable","13":"purchasable","14":"product-type-simple"},"acf":[],"_links":{"self":[{"href":"https:\/\/mdbouwmachines.be\/pl\/wp-json\/wp\/v2\/product\/14895","targetHints":{"allow":["GET"]}}],"collection":[{"href":"https:\/\/mdbouwmachines.be\/pl\/wp-json\/wp\/v2\/product"}],"about":[{"href":"https:\/\/mdbouwmachines.be\/pl\/wp-json\/wp\/v2\/types\/product"}],"wp:featuredmedia":[{"embeddable":true,"href":"https:\/\/mdbouwmachines.be\/pl\/wp-json\/wp\/v2\/media\/9153"}],"wp:attachment":[{"href":"https:\/\/mdbouwmachines.be\/pl\/wp-json\/wp\/v2\/media?parent=14895"}],"wp:term":[{"taxonomy":"product_brand","embeddable":true,"href":"https:\/\/mdbouwmachines.be\/pl\/wp-json\/wp\/v2\/product_brand?post=14895"},{"taxonomy":"product_cat","embeddable":true,"href":"https:\/\/mdbouwmachines.be\/pl\/wp-json\/wp\/v2\/product_cat?post=14895"},{"taxonomy":"product_tag","embeddable":true,"href":"https:\/\/mdbouwmachines.be\/pl\/wp-json\/wp\/v2\/product_tag?post=14895"}],"curies":[{"name":"wp","href":"https:\/\/api.w.org\/{rel}","templated":true}]}}