{"id":14894,"date":"2025-01-24T09:53:43","date_gmt":"2025-01-24T08:53:43","guid":{"rendered":"https:\/\/mdbouwmachines.be\/product\/zraszacz-proff-stal-nierdzewna\/"},"modified":"2025-01-24T09:53:43","modified_gmt":"2025-01-24T08:53:43","slug":"zraszacz-proff-stal-nierdzewna","status":"publish","type":"product","link":"https:\/\/mdbouwmachines.be\/pl\/produkt\/zraszacz-proff-stal-nierdzewna\/","title":{"rendered":"Zraszacz proff. Stal nierdzewna"},"content":{"rendered":"","protected":false},"excerpt":{"rendered":"<p>Rozsiewacz, kt\u00f3ry w oparciu o opinie klient\u00f3w zosta\u0142 dostosowany do idealnego rozsiewacza kwarcowego, niezwykle wytrzyma\u0142y, wytrzyma\u0142y, nierdzewny. W\u00f3zek punktowy dla wi\u0119kszych pi\u0119ter. <\/p>\n","protected":false},"featured_media":9557,"template":"","meta":{"_acf_changed":false},"product_brand":[1131],"product_cat":[421],"product_tag":[],"class_list":{"0":"post-14894","1":"product","2":"type-product","3":"status-publish","4":"has-post-thumbnail","6":"product_brand-md-bouwmachines-pl","7":"product_cat-rozszerzacz","9":"first","10":"instock","11":"taxable","12":"shipping-taxable","13":"purchasable","14":"product-type-simple"},"acf":[],"_links":{"self":[{"href":"https:\/\/mdbouwmachines.be\/pl\/wp-json\/wp\/v2\/product\/14894","targetHints":{"allow":["GET"]}}],"collection":[{"href":"https:\/\/mdbouwmachines.be\/pl\/wp-json\/wp\/v2\/product"}],"about":[{"href":"https:\/\/mdbouwmachines.be\/pl\/wp-json\/wp\/v2\/types\/product"}],"wp:featuredmedia":[{"embeddable":true,"href":"https:\/\/mdbouwmachines.be\/pl\/wp-json\/wp\/v2\/media\/9557"}],"wp:attachment":[{"href":"https:\/\/mdbouwmachines.be\/pl\/wp-json\/wp\/v2\/media?parent=14894"}],"wp:term":[{"taxonomy":"product_brand","embeddable":true,"href":"https:\/\/mdbouwmachines.be\/pl\/wp-json\/wp\/v2\/product_brand?post=14894"},{"taxonomy":"product_cat","embeddable":true,"href":"https:\/\/mdbouwmachines.be\/pl\/wp-json\/wp\/v2\/product_cat?post=14894"},{"taxonomy":"product_tag","embeddable":true,"href":"https:\/\/mdbouwmachines.be\/pl\/wp-json\/wp\/v2\/product_tag?post=14894"}],"curies":[{"name":"wp","href":"https:\/\/api.w.org\/{rel}","templated":true}]}}