{"id":14888,"date":"2025-01-24T09:53:25","date_gmt":"2025-01-24T09:53:25","guid":{"rendered":"https:\/\/mdbouwmachines.be\/product\/sciagaczka-do-betonu\/"},"modified":"2025-01-24T09:53:25","modified_gmt":"2025-01-24T08:53:25","slug":"sciagaczka-do-betonu","status":"publish","type":"product","link":"https:\/\/mdbouwmachines.be\/pl\/produkt\/sciagaczka-do-betonu\/","title":{"rendered":"\u015aci\u0105gaczka do betonu"},"content":{"rendered":"","protected":false},"excerpt":{"rendered":"<p>Do usuwania nadmiaru wody z powierzchni betonu. Dostarczany z uchwytem o d\u0142ugo\u015bci 2 m i opcj\u0105 wycieraczki o d\u0142ugo\u015bci 1 m lub 2 m. <\/p>\n","protected":false},"featured_media":9141,"template":"","meta":{"_acf_changed":false},"product_brand":[1138],"product_cat":[497],"product_tag":[],"class_list":{"0":"post-14888","1":"product","2":"type-product","3":"status-publish","4":"has-post-thumbnail","6":"product_brand-btc-pl","7":"product_cat-narzedzia-reczne-i-narzedzia","9":"first","10":"instock","11":"taxable","12":"shipping-taxable","13":"purchasable","14":"product-type-variable","15":"has-default-attributes"},"acf":[],"_links":{"self":[{"href":"https:\/\/mdbouwmachines.be\/pl\/wp-json\/wp\/v2\/product\/14888","targetHints":{"allow":["GET"]}}],"collection":[{"href":"https:\/\/mdbouwmachines.be\/pl\/wp-json\/wp\/v2\/product"}],"about":[{"href":"https:\/\/mdbouwmachines.be\/pl\/wp-json\/wp\/v2\/types\/product"}],"wp:featuredmedia":[{"embeddable":true,"href":"https:\/\/mdbouwmachines.be\/pl\/wp-json\/wp\/v2\/media\/9141"}],"wp:attachment":[{"href":"https:\/\/mdbouwmachines.be\/pl\/wp-json\/wp\/v2\/media?parent=14888"}],"wp:term":[{"taxonomy":"product_brand","embeddable":true,"href":"https:\/\/mdbouwmachines.be\/pl\/wp-json\/wp\/v2\/product_brand?post=14888"},{"taxonomy":"product_cat","embeddable":true,"href":"https:\/\/mdbouwmachines.be\/pl\/wp-json\/wp\/v2\/product_cat?post=14888"},{"taxonomy":"product_tag","embeddable":true,"href":"https:\/\/mdbouwmachines.be\/pl\/wp-json\/wp\/v2\/product_tag?post=14888"}],"curies":[{"name":"wp","href":"https:\/\/api.w.org\/{rel}","templated":true}]}}