{"id":14881,"date":"2025-01-24T10:53:40","date_gmt":"2025-01-24T09:53:40","guid":{"rendered":"https:\/\/mdbouwmachines.be\/product\/maszyna-do-plecionki-tjep\/"},"modified":"2025-04-24T09:12:30","modified_gmt":"2025-04-24T08:12:30","slug":"maszyna-do-plecionki-tjep","status":"publish","type":"product","link":"https:\/\/mdbouwmachines.be\/pl\/produkt\/maszyna-do-plecionki-tjep\/","title":{"rendered":"Maszyna do plecionki TJEP ULTRA GRIP 40"},"content":{"rendered":"\n<hr class=\"wp-block-separator has-alpha-channel-opacity is-style-dots\" \/>\n\n<h2 class=\"wp-block-heading\">Kluczowe cechy<\/h2>\n\n<div class=\"wp-block-group is-vertical is-layout-flex wp-container-core-group-is-layout-fe9cc265 wp-block-group-is-layout-flex\">\n<p>\u2022 Silniki bezszczotkowe 18V<br \/>\u2022 Uszczelniona skrzynia bieg\u00f3w dla dodatkowej mocy<br \/>\u2022 D\u0142u\u017csza i w\u0119\u017csza r\u0119koje\u015b\u0107 dla lepszej ergonomii<br \/>\u2022 Wsuwany akumulator litowo-jonowy 18V 4Ah<br \/>\u2022 Szybsze i cia\u015bniejsze opony<br \/>\u2022 Zoptymalizowana i solidna konstrukcja zapewnia \u0142atwy dost\u0119p do elementu i d\u0142ug\u0105 \u017cywotno\u015b\u0107.<br \/>\u2022 4500+ opasek na \u0142adunek<br \/>\u2022 Dostarczany z dwoma akumulatorami litowo-jonowymi, \u0142adowark\u0105 i dwiema szpulami drutu w wytrzyma\u0142ej plastikowej walizce.<br \/>\u2022 Z\u0142\u0105cze do elektronicznej rozbudowy<br \/>\u2022 U\u017cyj drutu TJEP ULTRA GRIP WIRE<\/p>\n<\/div>\n","protected":false},"excerpt":{"rendered":"<p>Spoiwo do pr\u0119t\u00f3w zbrojeniowych TJEP ULTRA GRIP znacznie zwi\u0119ksza wydajno\u015b\u0107 w por\u00f3wnaniu z fizycznie wymagaj\u0105c\u0105, monotonn\u0105 i czasoch\u0142onn\u0105 prac\u0105 r\u0119cznego wi\u0105zania.<\/p>\n<p><strong>Podana cena dotyczy pe\u0142nego zestawu (maszyna + 2x rolka do wi\u0105zania + 2x akumulator + \u0142adowarka)<\/strong><\/p>\n","protected":false},"featured_media":16846,"template":"","meta":{"_acf_changed":false},"product_brand":[1163],"product_cat":[369],"product_tag":[],"class_list":{"0":"post-14881","1":"product","2":"type-product","3":"status-publish","4":"has-post-thumbnail","6":"product_brand-tjep-pl","7":"product_cat-maszyny-reczne","9":"first","10":"instock","11":"taxable","12":"shipping-taxable","13":"purchasable","14":"product-type-simple"},"acf":[],"_links":{"self":[{"href":"https:\/\/mdbouwmachines.be\/pl\/wp-json\/wp\/v2\/product\/14881","targetHints":{"allow":["GET"]}}],"collection":[{"href":"https:\/\/mdbouwmachines.be\/pl\/wp-json\/wp\/v2\/product"}],"about":[{"href":"https:\/\/mdbouwmachines.be\/pl\/wp-json\/wp\/v2\/types\/product"}],"wp:featuredmedia":[{"embeddable":true,"href":"https:\/\/mdbouwmachines.be\/pl\/wp-json\/wp\/v2\/media\/16846"}],"wp:attachment":[{"href":"https:\/\/mdbouwmachines.be\/pl\/wp-json\/wp\/v2\/media?parent=14881"}],"wp:term":[{"taxonomy":"product_brand","embeddable":true,"href":"https:\/\/mdbouwmachines.be\/pl\/wp-json\/wp\/v2\/product_brand?post=14881"},{"taxonomy":"product_cat","embeddable":true,"href":"https:\/\/mdbouwmachines.be\/pl\/wp-json\/wp\/v2\/product_cat?post=14881"},{"taxonomy":"product_tag","embeddable":true,"href":"https:\/\/mdbouwmachines.be\/pl\/wp-json\/wp\/v2\/product_tag?post=14881"}],"curies":[{"name":"wp","href":"https:\/\/api.w.org\/{rel}","templated":true}]}}