{"id":14860,"date":"2025-01-24T09:53:24","date_gmt":"2025-01-24T09:53:24","guid":{"rendered":"https:\/\/mdbouwmachines.be\/product\/duzy-niebieski-plywak\/"},"modified":"2025-03-18T09:03:56","modified_gmt":"2025-03-18T08:03:56","slug":"duzy-niebieski-plywak","status":"publish","type":"product","link":"https:\/\/mdbouwmachines.be\/pl\/produkt\/duzy-niebieski-plywak\/","title":{"rendered":"Du\u017cy niebieski p\u0142ywak"},"content":{"rendered":"","protected":false},"excerpt":{"rendered":"<p>#8181 Zestaw kielni Fresno Blue Steel Ruond End zawiera 1 sztuk\u0119 Blue Teel Fresno Chip Blade o rozmiarze 915mm <em> 305mm, 1 sztuk\u0119 wspornika przek\u0142adni \u015blimakowej i 3 sztuki aluminiowych uchwyt\u00f3w (Dia45mm<\/em>L1830mm \/ szt.)<\/p>\n<p>#8156 Zestaw kielni Fresno z niebiesk\u0105 stal\u0105 Ruond End zawiera 1 sztuk\u0119 niebieskiego ostrza do wi\u00f3r\u00f3w Fresno o rozmiarze 1220 mm <em> 305 mm, 1 sztuk\u0119 wspornika przek\u0142adni \u015blimakowej i 3 sztuki aluminiowych uchwyt\u00f3w (Dia45mm<\/em>L1830mm \/ szt.)<\/p>\n<p>#8188 Zestaw kielni Ruond End Fresno z niebieskiej stali Zawiera 1-cz\u0119\u015bciowy niebieski teel Fresno chip blade o rozmiarze <em> 1524mm-305mm, 1szt wspornik przek\u0142adni \u015blimakowej i 3szt aluminiowe uchwyty (Dia45mm<\/em>L1830mm \/ szt.)<\/p>\n<p>#8180 Zestaw kielni Fresno Blue Steel Ruond End zawiera 1 sztuk\u0119 niebieskiego ostrza wi\u00f3rowego Fresno o rozmiarze <em> 1829mm-305mm, 1 sztuk\u0119 wspornika przek\u0142adni \u015blimakowej i 3 sztuki aluminiowych uchwyt\u00f3w (Dia45mm<\/em>L1830mm\/szt.)<\/p><\/p>\n","protected":false},"featured_media":17758,"template":"","meta":{"_acf_changed":false},"product_brand":[1131],"product_cat":[497],"product_tag":[],"class_list":{"0":"post-14860","1":"product","2":"type-product","3":"status-publish","4":"has-post-thumbnail","6":"product_brand-md-bouwmachines-pl","7":"product_cat-narzedzia-reczne-i-narzedzia","9":"first","10":"instock","11":"taxable","12":"shipping-taxable","13":"purchasable","14":"product-type-variable","15":"has-default-attributes"},"acf":[],"_links":{"self":[{"href":"https:\/\/mdbouwmachines.be\/pl\/wp-json\/wp\/v2\/product\/14860","targetHints":{"allow":["GET"]}}],"collection":[{"href":"https:\/\/mdbouwmachines.be\/pl\/wp-json\/wp\/v2\/product"}],"about":[{"href":"https:\/\/mdbouwmachines.be\/pl\/wp-json\/wp\/v2\/types\/product"}],"wp:featuredmedia":[{"embeddable":true,"href":"https:\/\/mdbouwmachines.be\/pl\/wp-json\/wp\/v2\/media\/17758"}],"wp:attachment":[{"href":"https:\/\/mdbouwmachines.be\/pl\/wp-json\/wp\/v2\/media?parent=14860"}],"wp:term":[{"taxonomy":"product_brand","embeddable":true,"href":"https:\/\/mdbouwmachines.be\/pl\/wp-json\/wp\/v2\/product_brand?post=14860"},{"taxonomy":"product_cat","embeddable":true,"href":"https:\/\/mdbouwmachines.be\/pl\/wp-json\/wp\/v2\/product_cat?post=14860"},{"taxonomy":"product_tag","embeddable":true,"href":"https:\/\/mdbouwmachines.be\/pl\/wp-json\/wp\/v2\/product_tag?post=14860"}],"curies":[{"name":"wp","href":"https:\/\/api.w.org\/{rel}","templated":true}]}}