{"id":14852,"date":"2025-01-24T10:53:18","date_gmt":"2025-01-24T09:53:18","guid":{"rendered":"https:\/\/mdbouwmachines.be\/product\/pojedyncza-maszyna-do-polerowania-90-btc\/"},"modified":"2025-06-23T12:33:34","modified_gmt":"2025-06-23T11:33:34","slug":"pojedyncza-maszyna-do-polerowania-90-btc","status":"publish","type":"product","link":"https:\/\/mdbouwmachines.be\/pl\/produkt\/pojedyncza-maszyna-do-polerowania-90-btc\/","title":{"rendered":"BTC Pojedyncza maszyna do polerowania 90"},"content":{"rendered":"\n<h2 class=\"wp-block-heading\">Definicja<\/h2>\n\n<p>Ta pojedyncza polerka 90 marki BTC jest wyposa\u017cona w silnik Honda GX160 o mocy 5,5 KM. Wytrzyma\u0142a skrzynia bieg\u00f3w doskonale sprawdza si\u0119 w trudnych i trudnych warunkach. Maszyna jest r\u00f3wnie\u017c standardowo wyposa\u017cona w od\u015brodkowy wy\u0142\u0105cznik bezpiecze\u0144stwa, kt\u00f3ry zapewnia automatyczne wy\u0142\u0105czenie silnika w sytuacji awaryjnej. Solidny, chromowany uchwyt z 3 rurkami zosta\u0142 zaprojektowany tak, aby u\u0142atwi\u0107 obs\u0142ug\u0119 i zwi\u0119kszy\u0107 d\u017awigni\u0119.   <\/p>\n\n<hr class=\"wp-block-separator has-alpha-channel-opacity\" \/>\n\n<h2 class=\"wp-block-heading\">Kluczowe cechy<\/h2>\n\n<ul class=\"wp-block-list\">\n<li>Precyzyjna kontrola zapewniaj\u0105ca precyzyjny skok ostrza<\/li>\n\n\n\n<li>Chromowany pier\u015bcie\u0144 ochronny u\u0142atwiaj\u0105cy czyszczenie<\/li>\n\n\n\n<li>Hak do podnoszenia u\u0142atwiaj\u0105cy transport<\/li>\n\n\n\n<li>Uniwersalne ostrza wymienne z g\u0142\u00f3wnymi markami<\/li>\n<\/ul>\n\n<hr class=\"wp-block-separator has-alpha-channel-opacity\" \/>\n\n<h2 class=\"wp-block-heading\">Informacje techniczne<\/h2>\n\n<h3 class=\"wp-block-heading\"><strong>Og\u00f3lne<\/strong><\/h3>\n\n<figure class=\"wp-block-table\"><table class=\"has-fixed-layout\"><tbody><tr><td>\u015arednica robocza<\/td><td>90 cm<\/td><\/tr><\/tbody><\/table><\/figure>\n\n<h3 class=\"wp-block-heading\"><strong>Wymiary<\/strong><\/h3>\n\n<figure class=\"wp-block-table\"><table class=\"has-fixed-layout\"><tbody><tr><td>D\u0142ugo\u015b\u0107 (mm)<\/td><td>1480<\/td><\/tr><tr><td>Szeroko\u015b\u0107 (mm)<\/td><td>980<\/td><\/tr><tr><td>Wysoko\u015b\u0107 (mm)<\/td><td>900<\/td><\/tr><tr><td>Waga (kg)<\/td><td>75 (\u00b1)<\/td><\/tr><\/tbody><\/table><\/figure>\n","protected":false},"excerpt":{"rendered":"<p>Pojedyncza maszyna do polerowania 90 marki BTC. Wyposa\u017cony w silnik Hondy GX160 o mocy 5,5 KM. <\/p>\n","protected":false},"featured_media":9121,"template":"","meta":{"_acf_changed":false},"product_brand":[1138],"product_cat":[357],"product_tag":[],"class_list":{"0":"post-14852","1":"product","2":"type-product","3":"status-publish","4":"has-post-thumbnail","6":"product_brand-btc-pl","7":"product_cat-niektore-maszyny-polerskie","9":"first","10":"instock","11":"taxable","12":"shipping-taxable","13":"purchasable","14":"product-type-simple"},"acf":[],"_links":{"self":[{"href":"https:\/\/mdbouwmachines.be\/pl\/wp-json\/wp\/v2\/product\/14852","targetHints":{"allow":["GET"]}}],"collection":[{"href":"https:\/\/mdbouwmachines.be\/pl\/wp-json\/wp\/v2\/product"}],"about":[{"href":"https:\/\/mdbouwmachines.be\/pl\/wp-json\/wp\/v2\/types\/product"}],"wp:featuredmedia":[{"embeddable":true,"href":"https:\/\/mdbouwmachines.be\/pl\/wp-json\/wp\/v2\/media\/9121"}],"wp:attachment":[{"href":"https:\/\/mdbouwmachines.be\/pl\/wp-json\/wp\/v2\/media?parent=14852"}],"wp:term":[{"taxonomy":"product_brand","embeddable":true,"href":"https:\/\/mdbouwmachines.be\/pl\/wp-json\/wp\/v2\/product_brand?post=14852"},{"taxonomy":"product_cat","embeddable":true,"href":"https:\/\/mdbouwmachines.be\/pl\/wp-json\/wp\/v2\/product_cat?post=14852"},{"taxonomy":"product_tag","embeddable":true,"href":"https:\/\/mdbouwmachines.be\/pl\/wp-json\/wp\/v2\/product_tag?post=14852"}],"curies":[{"name":"wp","href":"https:\/\/api.w.org\/{rel}","templated":true}]}}